{"id":18493,"date":"2016-07-26T12:09:46","date_gmt":"2016-07-26T10:09:46","guid":{"rendered":"https:\/\/www.vollibre.fr\/accueil\/"},"modified":"2025-11-21T16:26:27","modified_gmt":"2025-11-21T15:26:27","slug":"accueil","status":"publish","type":"page","link":"https:\/\/www.vollibre.fr\/en\/","title":{"rendered":"Home"},"content":{"rendered":"<div class=\"wpb-content-wrapper\"><p>[vc_row css_animation=&#8221;&#8221; row_type=&#8221;row&#8221; use_row_as_full_screen_section=&#8221;no&#8221; type=&#8221;full_width&#8221; angled_section=&#8221;no&#8221; text_align=&#8221;left&#8221; background_image_as_pattern=&#8221;without_pattern&#8221;][vc_column][vc_empty_space][vc_empty_space][vc_column_text css=&#8221;.vc_custom_1763738781673{background-color: #dda044 !important;}&#8221;]<\/p>\n<h4><\/h4>\n<h4 style=\"text-align: center;\">Opening of the show:<\/h4>\n<h4 style=\"text-align: center;\">From the 28th of March up to the 1st of November 2026 !<\/h4>\n<p>[\/vc_column_text][vc_empty_space][\/vc_column][\/vc_row][vc_row css_animation=&#8221;&#8221; row_type=&#8221;row&#8221; use_row_as_full_screen_section=&#8221;no&#8221; type=&#8221;grid&#8221; angled_section=&#8221;no&#8221; text_align=&#8221;center&#8221; background_image_as_pattern=&#8221;without_pattern&#8221; css=&#8221;.vc_custom_1468850660138{padding-bottom: 4.9% !important;}&#8221;][vc_column width=&#8221;1\/2&#8243;][vc_empty_space][vc_single_image image=&#8221;18296&#8243; img_size=&#8221;full&#8221; alignment=&#8221;center&#8221; onclick=&#8221;custom_link&#8221; qode_css_animation=&#8221;element_from_left&#8221; link=&#8221;https:\/\/www.vollibre.fr\/en\/eagles-of-the-ramparts-provins\/&#8221;][vc_empty_space height=&#8221;35px&#8221;][vc_column_text]<\/p>\n<h3>The Eagles of the Ramparts<\/h3>\n<p>[\/vc_column_text][vc_empty_space height=&#8221;12px&#8221;][vc_column_text]All information about the show in Provins[\/vc_column_text][vc_empty_space height=&#8221;15px&#8221;]<a  itemprop=\"url\" href=\"https:\/\/www.vollibre.fr\/en\/eagles-of-the-ramparts-provins\/\" target=\"_self\" data-hover-background-color=#303030 data-hover-border-color=#303030 data-hover-color=#ffffff class=\"qbutton  small center default\" style=\"color: #ffffff; border-color: #f7901e; font-style: normal; font-weight: 700; border-radius: 0px;-moz-border-radius: 0px;-webkit-border-radius: 0px; background-color: #f7901e;\">See more<\/a>[vc_empty_space height=&#8221;40px&#8221;][\/vc_column][vc_column width=&#8221;1\/2&#8243;][vc_empty_space][vc_single_image image=&#8221;15473&#8243; img_size=&#8221;full&#8221; alignment=&#8221;center&#8221; onclick=&#8221;custom_link&#8221; qode_css_animation=&#8221;element_from_bottom&#8221; link=&#8221;https:\/\/www.vollibre.fr\/en\/event-shows\/&#8221;][vc_empty_space height=&#8221;35px&#8221;][vc_column_text]<\/p>\n<h3>Event shows<\/h3>\n<p>[\/vc_column_text][vc_empty_space height=&#8221;12px&#8221;][vc_column_text]Events &amp; equestrian shows[\/vc_column_text][vc_empty_space height=&#8221;15px&#8221;]<a  itemprop=\"url\" href=\"https:\/\/www.vollibre.fr\/en\/event-shows\/\" target=\"_self\" data-hover-background-color=#303030 data-hover-border-color=#303030 data-hover-color=#ffffff class=\"qbutton  small center default\" style=\"color: #ffffff; border-color: #f7901e; font-style: normal; font-weight: 700; border-radius: 0px;-moz-border-radius: 0px;-webkit-border-radius: 0px; background-color: #f7901e;\">See more<\/a>[vc_empty_space height=&#8221;40px&#8221;][\/vc_column][\/vc_row][vc_row css_animation=&#8221;&#8221; row_type=&#8221;row&#8221; use_row_as_full_screen_section=&#8221;no&#8221; type=&#8221;grid&#8221; angled_section=&#8221;no&#8221; text_align=&#8221;center&#8221; background_image_as_pattern=&#8221;without_pattern&#8221; z_index=&#8221;&#8221;][vc_column width=&#8221;1\/2&#8243;][vc_single_image image=&#8221;15502&#8243; img_size=&#8221;full&#8221; alignment=&#8221;center&#8221; onclick=&#8221;custom_link&#8221; qode_css_animation=&#8221;element_from_left&#8221; link=&#8221;https:\/\/www.vollibre.fr\/en\/breeding-birdsofprey-and-horses\/&#8221;][vc_empty_space height=&#8221;35px&#8221;][vc_column_text]<\/p>\n<h3>Breeding<\/h3>\n<p>[\/vc_column_text][vc_empty_space height=&#8221;12px&#8221;][vc_column_text]Breeding of birds of prey and iberic horses[\/vc_column_text][vc_empty_space height=&#8221;15px&#8221;]<a  itemprop=\"url\" href=\"https:\/\/www.vollibre.fr\/en\/breeding-birdsofprey-and-horses\/\" target=\"_self\" data-hover-background-color=#303030 data-hover-border-color=#303030 data-hover-color=#ffffff class=\"qbutton  small center default\" style=\"color: #ffffff; border-color: #f7901e; font-style: normal; font-weight: 700; border-radius: 0px;-moz-border-radius: 0px;-webkit-border-radius: 0px; background-color: #f7901e;\">See more<\/a>[vc_empty_space][\/vc_column][vc_column width=&#8221;1\/2&#8243;][vc_single_image image=&#8221;15503&#8243; img_size=&#8221;full&#8221; alignment=&#8221;center&#8221; onclick=&#8221;custom_link&#8221; qode_css_animation=&#8221;element_from_right&#8221; link=&#8221;https:\/\/www.vollibre.fr\/en\/videos\/&#8221;][vc_empty_space height=&#8221;35px&#8221;][vc_column_text]<\/p>\n<h3>Videos<\/h3>\n<p>[\/vc_column_text][vc_empty_space height=&#8221;12px&#8221;][vc_column_text]Watch our best videos and TV programs[\/vc_column_text][vc_empty_space height=&#8221;15px&#8221;]<a  itemprop=\"url\" href=\"https:\/\/www.vollibre.fr\/en\/videos\/\" target=\"_self\" data-hover-background-color=#303030 data-hover-border-color=#303030 data-hover-color=#ffffff class=\"qbutton  small center default\" style=\"color: #ffffff; border-color: #f7901e; font-style: normal; font-weight: 700; border-radius: 0px;-moz-border-radius: 0px;-webkit-border-radius: 0px; background-color: #f7901e;\">Watch more<\/a>[vc_empty_space][\/vc_column][\/vc_row][vc_row css_animation=&#8221;&#8221; row_type=&#8221;row&#8221; use_row_as_full_screen_section=&#8221;no&#8221; type=&#8221;full_width&#8221; angled_section=&#8221;no&#8221; text_align=&#8221;center&#8221; background_image_as_pattern=&#8221;without_pattern&#8221; z_index=&#8221;&#8221;][vc_column width=&#8221;1\/2&#8243;][vc_raw_html]JTNDZGl2JTIwaWQlM0QlMjJjb250Xzk5OGJkNjY2OTRhNmQ1ZTExMTdkYTVmMjI4Njg3ZWE5JTIyJTNFJTNDc2NyaXB0JTIwdHlwZSUzRCUyMnRleHQlMkZqYXZhc2NyaXB0JTIyJTIwYXN5bmMlMjBzcmMlM0QlMjJodHRwcyUzQSUyRiUyRnd3dy50YW1ldGVvLmNvbSUyRndpZF9sb2FkZXIlMkY5OThiZDY2Njk0YTZkNWUxMTE3ZGE1ZjIyODY4N2VhOSUyMiUzRSUzQyUyRnNjcmlwdCUzRSUzQyUyRmRpdiUzRQ==[\/vc_raw_html][vc_empty_space height=&#8221;20px&#8221;][\/vc_column][vc_column width=&#8221;1\/2&#8243;][vc_raw_html el_class=&#8221;centr\u00e9&#8221;]JTNDZGl2JTIwaWQlM0QlMjJUQV9yYXRlZDYwMSUyMiUyMGNsYXNzJTNEJTIyVEFfcmF0ZWQlMjIlM0UlM0N1bCUyMGlkJTNEJTIyZzVDdDJEOEZVd20lMjIlMjBjbGFzcyUzRCUyMlRBX2xpbmtzJTIwR2xncFA0OUVwekZOJTIyJTNFJTNDbGklMjBpZCUzRCUyMmE2QnFHN3glMjIlMjBjbGFzcyUzRCUyMnFDdFhwNTF6eXYlMjIlM0UlM0NhJTIwdGFyZ2V0JTNEJTIyX2JsYW5rJTIyJTIwaHJlZiUzRCUyMmh0dHBzJTNBJTJGJTJGd3d3LnRyaXBhZHZpc29yLmZyJTJGQXR0cmFjdGlvbl9SZXZpZXctZzYwODc3OC1kMjMyMzQzOS1SZXZpZXdzLUxlc19BaWdsZXNfRGVzX1JlbXBhcnRzLVByb3ZpbnNfU2VpbmVfZXRfTWFybmVfSWxlX2RlX0ZyYW5jZS5odG1sJTIyJTNFJTNDaW1nJTIwc3JjJTNEJTIyaHR0cHMlM0ElMkYlMkZ3d3cudHJpcGFkdmlzb3IuZnIlMkZpbWclMkZjZHNpJTJGaW1nMiUyRmJhZGdlcyUyRm9sbGllLTExNDI0LTIuZ2lmJTIyJTIwYWx0JTNEJTIyVHJpcEFkdmlzb3IlMjIlMkYlM0UlM0MlMkZhJTNFJTNDJTJGbGklM0UlM0MlMkZ1bCUzRSUzQyUyRmRpdiUzRSUzQ3NjcmlwdCUyMGFzeW5jJTIwc3JjJTNEJTIyaHR0cHMlM0ElMkYlMkZ3d3cuanNjYWNoZS5jb20lMkZ3ZWpzJTNGd3R5cGUlM0RyYXRlZCUyNmFtcCUzQnVuaXElM0Q2MDElMjZhbXAlM0Jsb2NhdGlvbklkJTNEMjMyMzQzOSUyNmFtcCUzQmxhbmclM0RmciUyNmFtcCUzQmRpc3BsYXlfdmVyc2lvbiUzRDIlMjIlMjBkYXRhLWxvYWR0cmslMjBvbmxvYWQlM0QlMjJ0aGlzLmxvYWR0cmslM0R0cnVlJTIyJTNFJTNDJTJGc2NyaXB0JTNF[\/vc_raw_html][vc_empty_space height=&#8221;20px&#8221;][\/vc_column][\/vc_row][vc_row css_animation=&#8221;&#8221; row_type=&#8221;row&#8221; use_row_as_full_screen_section=&#8221;no&#8221; type=&#8221;full_width&#8221; angled_section=&#8221;no&#8221; text_align=&#8221;center&#8221; background_image_as_pattern=&#8221;without_pattern&#8221; css=&#8221;.vc_custom_1584358622757{padding-top: 6.5% !important;padding-bottom: 5.65% !important;background-image: url(https:\/\/www.vollibre.fr\/wp-content\/uploads\/2020\/03\/DSC_0702-2000px-large.jpg?id=17744) !important;}&#8221; z_index=&#8221;&#8221;][vc_column][vc_column_text][\/vc_column_text][vc_empty_space][\/vc_column][vc_column width=&#8221;1\/2&#8243; offset=&#8221;vc_col-lg-3 vc_col-md-6&#8243;]<div class=\"q_counter_holder  center\" style=\"\"><span class=\"counter  zero\" style=\"color: #ffffff;font-size: 80px;\">80<\/span><\/div>[vc_empty_space height=&#8221;14px&#8221;][vc_column_text]<\/p>\n<h3><span style=\"color: #ffffff;\">Birds<\/span><\/h3>\n<p>[\/vc_column_text][vc_empty_space height=&#8221;13px&#8221;][vc_column_text]<span style=\"color: #ffffff;\">20 different species<br \/>\n<\/span>[\/vc_column_text][vc_empty_space height=&#8221;40px&#8221;][\/vc_column][vc_column width=&#8221;1\/2&#8243; offset=&#8221;vc_col-lg-3 vc_col-md-6&#8243;]<div class=\"q_counter_holder  center\" style=\"\"><span class=\"counter  zero\" style=\"color: #ffffff;font-size: 80px;\">550<\/span><\/div>[vc_empty_space height=&#8221;14px&#8221;][vc_column_text]<\/p>\n<h3><span style=\"color: #ffffff;\">Shows<\/span><\/h3>\n<p>[\/vc_column_text][vc_empty_space height=&#8221;13px&#8221;][vc_column_text]<span style=\"color: #ffffff;\">Total of shows during 7 months<br \/>\n<\/span>[\/vc_column_text][vc_empty_space height=&#8221;40px&#8221;][\/vc_column][vc_column width=&#8221;1\/2&#8243; offset=&#8221;vc_col-lg-3 vc_col-md-6&#8243;]<div class=\"q_counter_holder  center\" style=\"\"><span class=\"counter  zero\" style=\"color: #ffffff;font-size: 80px;\">90000<\/span><\/div>[vc_empty_space height=&#8221;14px&#8221;][vc_column_text]<\/p>\n<h3><span style=\"color: #ffffff;\">Visitors<\/span><\/h3>\n<p>[\/vc_column_text][vc_empty_space height=&#8221;13px&#8221;][vc_column_text]<span style=\"color: #ffffff;\">each year<br \/>\n<\/span>[\/vc_column_text][vc_empty_space height=&#8221;40px&#8221;][\/vc_column][vc_column width=&#8221;1\/2&#8243; offset=&#8221;vc_col-lg-3 vc_col-md-6&#8243;]<div class=\"q_counter_holder  center\" style=\"\"><span class=\"counter  zero\" style=\"color: #ffffff;font-size: 80px;\">22<\/span><\/div>[vc_empty_space height=&#8221;14px&#8221;][vc_column_text]<\/p>\n<h3><span style=\"color: #ffffff;\">years of passion<br \/>\n<\/span><\/h3>\n<p>[\/vc_column_text][vc_empty_space height=&#8221;13px&#8221;][vc_column_text]<span style=\"color: #ffffff;\">Vol Libre created the show in 2002<br \/>\n<\/span>[\/vc_column_text][vc_empty_space height=&#8221;40px&#8221;][\/vc_column][vc_column][\/vc_column][vc_column][\/vc_column][vc_column][\/vc_column][\/vc_row][vc_row css_animation=&#8221;&#8221; row_type=&#8221;row&#8221; use_row_as_full_screen_section=&#8221;no&#8221; type=&#8221;grid&#8221; angled_section=&#8221;no&#8221; text_align=&#8221;center&#8221; background_image_as_pattern=&#8221;without_pattern&#8221; background_color=&#8221;#f5f5f5&#8243; css=&#8221;.vc_custom_1469786101439{padding-top: 2.7% !important;padding-bottom: 3.1% !important;background-color: #f5f5f5 !important;}&#8221;][vc_column width=&#8221;1\/2&#8243;][vc_raw_html]JTNDaWZyYW1lJTIwd2lkdGglM0QlMjI1NjAlMjIlMjBoZWlnaHQlM0QlMjIzMTUlMjIlMjBzcmMlM0QlMjJodHRwcyUzQSUyRiUyRnd3dy55b3V0dWJlLmNvbSUyRmVtYmVkJTJGT0lHcWNmYlNhOE0lMjIlMjB0aXRsZSUzRCUyMllvdVR1YmUlMjB2aWRlbyUyMHBsYXllciUyMiUyMGZyYW1lYm9yZGVyJTNEJTIyMCUyMiUyMGFsbG93JTNEJTIyYWNjZWxlcm9tZXRlciUzQiUyMGF1dG9wbGF5JTNCJTIwY2xpcGJvYXJkLXdyaXRlJTNCJTIwZW5jcnlwdGVkLW1lZGlhJTNCJTIwZ3lyb3Njb3BlJTNCJTIwcGljdHVyZS1pbi1waWN0dXJlJTIyJTIwYWxsb3dmdWxsc2NyZWVuJTNFJTNDJTJGaWZyYW1lJTNF[\/vc_raw_html][vc_empty_space height=&#8221;28px&#8221;][\/vc_column][vc_column width=&#8221;1\/2&#8243;][vc_raw_html]JTNDaWZyYW1lJTIwd2lkdGglM0QlMjI1NjAlMjIlMjBoZWlnaHQlM0QlMjIzMTUlMjIlMjBzcmMlM0QlMjJodHRwcyUzQSUyRiUyRnd3dy55b3V0dWJlLmNvbSUyRmVtYmVkJTJGRUNGUG1XRnJoQzQlM0ZyZWwlM0QwJTI2YW1wJTNCc2hvd2luZm8lM0QwJTIyJTIwZnJhbWVib3JkZXIlM0QlMjIwJTIyJTIwYWxsb3clM0QlMjJhdXRvcGxheSUzQiUyMGVuY3J5cHRlZC1tZWRpYSUyMiUyMGFsbG93ZnVsbHNjcmVlbiUzRSUzQyUyRmlmcmFtZSUzRQ==[\/vc_raw_html][vc_empty_space height=&#8221;28px&#8221;][\/vc_column][\/vc_row][vc_row css_animation=&#8221;&#8221; row_type=&#8221;row&#8221; use_row_as_full_screen_section=&#8221;no&#8221; type=&#8221;full_width&#8221; angled_section=&#8221;no&#8221; text_align=&#8221;left&#8221; background_image_as_pattern=&#8221;without_pattern&#8221;][vc_column][vc_empty_space][\/vc_column][\/vc_row]<\/p>\n<\/div>","protected":false},"excerpt":{"rendered":"<p>[vc_row css_animation=&#8221;&#8221; row_type=&#8221;row&#8221; use_row_as_full_screen_section=&#8221;no&#8221; type=&#8221;full_width&#8221; angled_section=&#8221;no&#8221; text_align=&#8221;left&#8221; background_image_as_pattern=&#8221;without_pattern&#8221;][vc_column][vc_empty_space][vc_empty_space][vc_column_text css=&#8221;.vc_custom_1763738781673{background-color: #dda044 !important;}&#8221;] Opening of the show: From the 28th of March up to the 1st of November 2026 ! [\/vc_column_text][vc_empty_space][\/vc_column][\/vc_row][vc_row css_animation=&#8221;&#8221; row_type=&#8221;row&#8221; use_row_as_full_screen_section=&#8221;no&#8221; type=&#8221;grid&#8221; angled_section=&#8221;no&#8221; text_align=&#8221;center&#8221; background_image_as_pattern=&#8221;without_pattern&#8221; css=&#8221;.vc_custom_1468850660138{padding-bottom: 4.9% !important;}&#8221;][vc_column width=&#8221;1\/2&#8243;][vc_empty_space][vc_single_image image=&#8221;18296&#8243; img_size=&#8221;full&#8221; alignment=&#8221;center&#8221; onclick=&#8221;custom_link&#8221; qode_css_animation=&#8221;element_from_left&#8221;&#8230;<\/p>\n","protected":false},"author":7,"featured_media":0,"parent":0,"menu_order":0,"comment_status":"closed","ping_status":"closed","template":"full_width.php","meta":{"footnotes":""},"class_list":["post-18493","page","type-page","status-publish","hentry"],"yoast_head":"<!-- This site is optimized with the Yoast SEO plugin v27.4 - https:\/\/yoast.com\/product\/yoast-seo-wordpress\/ -->\n<title>Vol Libre presents the show : The Eagles of the Remparts (Les Aigles des Remparts), equestrian falconry show in Provins, a Unesco World Heritage medieval city, nearby Paris (90 km). Personalized shows for events, on request.<\/title>\n<meta name=\"description\" content=\"Vol Libre presents he show : The Eagles of the Remparts (Les Aigles des Remparts) in Provins, a Unesco World Heritage medieval city, nearby Paris (90 km). A birds of prey show, historical entertainment about falconry ! Vol Libre Compagny proposes also tailor-made shows for event, only on request.\" \/>\n<meta name=\"robots\" content=\"index, follow, max-snippet:-1, max-image-preview:large, max-video-preview:-1\" \/>\n<link rel=\"canonical\" href=\"https:\/\/www.vollibre.fr\/en\/\" \/>\n<meta property=\"og:locale\" content=\"en_US\" \/>\n<meta property=\"og:type\" content=\"article\" \/>\n<meta property=\"og:title\" content=\"Vol Libre - spectacles de fauconnerie \u00e9questre\" \/>\n<meta property=\"og:description\" content=\"Du spectacle de rapaces \u00e0 Provins (77) Les Aigles des Remparts, aux prestations sur mesure pour les \u00e9v\u00e8nements, Vol Libre est le sp\u00e9cialiste depuis plus de 25 ans de l&#039;art de la fauconnerie \u00e0 cheval ! Vous recherchez la Programmation et billetterie pour Les Aigles des remparts, les infos sur nos activit\u00e9s et prestations \u00e9v\u00e8nementielles, tout est sur notre site Internet !\" \/>\n<meta property=\"og:url\" content=\"https:\/\/www.vollibre.fr\/en\/\" \/>\n<meta property=\"og:site_name\" content=\"Vol Libre\" \/>\n<meta property=\"article:publisher\" content=\"https:\/\/www.facebook.com\/AiglesDesRemparts.Provins\" \/>\n<meta property=\"article:modified_time\" content=\"2025-11-21T15:26:27+00:00\" \/>\n<meta property=\"og:image\" content=\"https:\/\/www.vollibre.fr\/wp-content\/uploads\/2019\/02\/DSC_0376-fb\u00a9S.Danis-Vol-Libre.jpg\" \/>\n\t<meta property=\"og:image:width\" content=\"1200\" \/>\n\t<meta property=\"og:image:height\" content=\"632\" \/>\n\t<meta property=\"og:image:type\" content=\"image\/jpeg\" \/>\n<meta name=\"twitter:card\" content=\"summary_large_image\" \/>\n<meta name=\"twitter:title\" content=\"Vol Libre - fauconnerie \u00e9questre\" \/>\n<meta name=\"twitter:description\" content=\"Du spectacle quotidien \u00e0 Provins (77) Les Aigles des Remparts, aux prestations sur mesure pour les \u00e9v\u00e8nements, Vol Libre est le sp\u00e9cialiste depuis 20 ans de l&#039;art de la fauconnerie \u00e0 cheval ! Vous recherchez la Programmation et billetterie pour Les Aigles des remparts, les infos sur nos activit\u00e9s et prestations \u00e9v\u00e8nementielles, tout est sur notre site Internet !\" \/>\n<meta name=\"twitter:image\" content=\"https:\/\/www.vollibre.fr\/wp-content\/uploads\/2018\/09\/2N4A3505-1200x800\u00a9Alexandre-B\u00e8s.jpg\" \/>\n<meta name=\"twitter:site\" content=\"@Vol_Libre_Prod\" \/>\n<meta name=\"twitter:label1\" content=\"Est. reading time\" \/>\n\t<meta name=\"twitter:data1\" content=\"3 minutes\" \/>\n<script type=\"application\/ld+json\" class=\"yoast-schema-graph\">{\"@context\":\"https:\\\/\\\/schema.org\",\"@graph\":[{\"@type\":\"WebPage\",\"@id\":\"https:\\\/\\\/www.vollibre.fr\\\/en\\\/\",\"url\":\"https:\\\/\\\/www.vollibre.fr\\\/en\\\/\",\"name\":\"Vol Libre presents the show : The Eagles of the Remparts (Les Aigles des Remparts), equestrian falconry show in Provins, a Unesco World Heritage medieval city, nearby Paris (90 km). Personalized shows for events, on request.\",\"isPartOf\":{\"@id\":\"https:\\\/\\\/www.vollibre.fr\\\/#website\"},\"datePublished\":\"2016-07-26T10:09:46+00:00\",\"dateModified\":\"2025-11-21T15:26:27+00:00\",\"description\":\"Vol Libre presents he show : The Eagles of the Remparts (Les Aigles des Remparts) in Provins, a Unesco World Heritage medieval city, nearby Paris (90 km). A birds of prey show, historical entertainment about falconry ! Vol Libre Compagny proposes also tailor-made shows for event, only on request.\",\"breadcrumb\":{\"@id\":\"https:\\\/\\\/www.vollibre.fr\\\/en\\\/#breadcrumb\"},\"inLanguage\":\"en-US\",\"potentialAction\":[{\"@type\":\"ReadAction\",\"target\":[\"https:\\\/\\\/www.vollibre.fr\\\/en\\\/\"]}]},{\"@type\":\"BreadcrumbList\",\"@id\":\"https:\\\/\\\/www.vollibre.fr\\\/en\\\/#breadcrumb\",\"itemListElement\":[{\"@type\":\"ListItem\",\"position\":1,\"name\":\"Accueil\",\"item\":\"https:\\\/\\\/www.vollibre.fr\\\/en\\\/\"},{\"@type\":\"ListItem\",\"position\":2,\"name\":\"Home\"}]},{\"@type\":\"WebSite\",\"@id\":\"https:\\\/\\\/www.vollibre.fr\\\/#website\",\"url\":\"https:\\\/\\\/www.vollibre.fr\\\/\",\"name\":\"Vol Libre\",\"description\":\"Fauconnerie \u00e9questre\",\"publisher\":{\"@id\":\"https:\\\/\\\/www.vollibre.fr\\\/#organization\"},\"potentialAction\":[{\"@type\":\"SearchAction\",\"target\":{\"@type\":\"EntryPoint\",\"urlTemplate\":\"https:\\\/\\\/www.vollibre.fr\\\/?s={search_term_string}\"},\"query-input\":{\"@type\":\"PropertyValueSpecification\",\"valueRequired\":true,\"valueName\":\"search_term_string\"}}],\"inLanguage\":\"en-US\"},{\"@type\":\"Organization\",\"@id\":\"https:\\\/\\\/www.vollibre.fr\\\/#organization\",\"name\":\"Vol Libre\",\"url\":\"https:\\\/\\\/www.vollibre.fr\\\/\",\"logo\":{\"@type\":\"ImageObject\",\"inLanguage\":\"en-US\",\"@id\":\"https:\\\/\\\/www.vollibre.fr\\\/#\\\/schema\\\/logo\\\/image\\\/\",\"url\":\"https:\\\/\\\/www.vollibre.fr\\\/wp-content\\\/uploads\\\/2018\\\/02\\\/Logo-Vol-Libre-P.png\",\"contentUrl\":\"https:\\\/\\\/www.vollibre.fr\\\/wp-content\\\/uploads\\\/2018\\\/02\\\/Logo-Vol-Libre-P.png\",\"width\":150,\"height\":197,\"caption\":\"Vol Libre\"},\"image\":{\"@id\":\"https:\\\/\\\/www.vollibre.fr\\\/#\\\/schema\\\/logo\\\/image\\\/\"},\"sameAs\":[\"https:\\\/\\\/www.facebook.com\\\/AiglesDesRemparts.Provins\",\"https:\\\/\\\/x.com\\\/Vol_Libre_Prod\",\"https:\\\/\\\/www.instagram.com\\\/lesaiglesdesremparts.provins\\\/\",\"https:\\\/\\\/www.youtube.com\\\/@Vol-Libre-fauconnerie-equestre\"]}]}<\/script>\n<!-- \/ Yoast SEO plugin. -->","yoast_head_json":{"title":"Vol Libre presents the show : The Eagles of the Remparts (Les Aigles des Remparts), equestrian falconry show in Provins, a Unesco World Heritage medieval city, nearby Paris (90 km). Personalized shows for events, on request.","description":"Vol Libre presents he show : The Eagles of the Remparts (Les Aigles des Remparts) in Provins, a Unesco World Heritage medieval city, nearby Paris (90 km). A birds of prey show, historical entertainment about falconry ! Vol Libre Compagny proposes also tailor-made shows for event, only on request.","robots":{"index":"index","follow":"follow","max-snippet":"max-snippet:-1","max-image-preview":"max-image-preview:large","max-video-preview":"max-video-preview:-1"},"canonical":"https:\/\/www.vollibre.fr\/en\/","og_locale":"en_US","og_type":"article","og_title":"Vol Libre - spectacles de fauconnerie \u00e9questre","og_description":"Du spectacle de rapaces \u00e0 Provins (77) Les Aigles des Remparts, aux prestations sur mesure pour les \u00e9v\u00e8nements, Vol Libre est le sp\u00e9cialiste depuis plus de 25 ans de l'art de la fauconnerie \u00e0 cheval ! Vous recherchez la Programmation et billetterie pour Les Aigles des remparts, les infos sur nos activit\u00e9s et prestations \u00e9v\u00e8nementielles, tout est sur notre site Internet !","og_url":"https:\/\/www.vollibre.fr\/en\/","og_site_name":"Vol Libre","article_publisher":"https:\/\/www.facebook.com\/AiglesDesRemparts.Provins","article_modified_time":"2025-11-21T15:26:27+00:00","og_image":[{"width":1200,"height":632,"url":"https:\/\/www.vollibre.fr\/wp-content\/uploads\/2019\/02\/DSC_0376-fb\u00a9S.Danis-Vol-Libre.jpg","type":"image\/jpeg"}],"twitter_card":"summary_large_image","twitter_title":"Vol Libre - fauconnerie \u00e9questre","twitter_description":"Du spectacle quotidien \u00e0 Provins (77) Les Aigles des Remparts, aux prestations sur mesure pour les \u00e9v\u00e8nements, Vol Libre est le sp\u00e9cialiste depuis 20 ans de l'art de la fauconnerie \u00e0 cheval ! Vous recherchez la Programmation et billetterie pour Les Aigles des remparts, les infos sur nos activit\u00e9s et prestations \u00e9v\u00e8nementielles, tout est sur notre site Internet !","twitter_image":"https:\/\/www.vollibre.fr\/wp-content\/uploads\/2018\/09\/2N4A3505-1200x800\u00a9Alexandre-B\u00e8s.jpg","twitter_site":"@Vol_Libre_Prod","twitter_misc":{"Est. reading time":"3 minutes"},"schema":{"@context":"https:\/\/schema.org","@graph":[{"@type":"WebPage","@id":"https:\/\/www.vollibre.fr\/en\/","url":"https:\/\/www.vollibre.fr\/en\/","name":"Vol Libre presents the show : The Eagles of the Remparts (Les Aigles des Remparts), equestrian falconry show in Provins, a Unesco World Heritage medieval city, nearby Paris (90 km). Personalized shows for events, on request.","isPartOf":{"@id":"https:\/\/www.vollibre.fr\/#website"},"datePublished":"2016-07-26T10:09:46+00:00","dateModified":"2025-11-21T15:26:27+00:00","description":"Vol Libre presents he show : The Eagles of the Remparts (Les Aigles des Remparts) in Provins, a Unesco World Heritage medieval city, nearby Paris (90 km). A birds of prey show, historical entertainment about falconry ! Vol Libre Compagny proposes also tailor-made shows for event, only on request.","breadcrumb":{"@id":"https:\/\/www.vollibre.fr\/en\/#breadcrumb"},"inLanguage":"en-US","potentialAction":[{"@type":"ReadAction","target":["https:\/\/www.vollibre.fr\/en\/"]}]},{"@type":"BreadcrumbList","@id":"https:\/\/www.vollibre.fr\/en\/#breadcrumb","itemListElement":[{"@type":"ListItem","position":1,"name":"Accueil","item":"https:\/\/www.vollibre.fr\/en\/"},{"@type":"ListItem","position":2,"name":"Home"}]},{"@type":"WebSite","@id":"https:\/\/www.vollibre.fr\/#website","url":"https:\/\/www.vollibre.fr\/","name":"Vol Libre","description":"Fauconnerie \u00e9questre","publisher":{"@id":"https:\/\/www.vollibre.fr\/#organization"},"potentialAction":[{"@type":"SearchAction","target":{"@type":"EntryPoint","urlTemplate":"https:\/\/www.vollibre.fr\/?s={search_term_string}"},"query-input":{"@type":"PropertyValueSpecification","valueRequired":true,"valueName":"search_term_string"}}],"inLanguage":"en-US"},{"@type":"Organization","@id":"https:\/\/www.vollibre.fr\/#organization","name":"Vol Libre","url":"https:\/\/www.vollibre.fr\/","logo":{"@type":"ImageObject","inLanguage":"en-US","@id":"https:\/\/www.vollibre.fr\/#\/schema\/logo\/image\/","url":"https:\/\/www.vollibre.fr\/wp-content\/uploads\/2018\/02\/Logo-Vol-Libre-P.png","contentUrl":"https:\/\/www.vollibre.fr\/wp-content\/uploads\/2018\/02\/Logo-Vol-Libre-P.png","width":150,"height":197,"caption":"Vol Libre"},"image":{"@id":"https:\/\/www.vollibre.fr\/#\/schema\/logo\/image\/"},"sameAs":["https:\/\/www.facebook.com\/AiglesDesRemparts.Provins","https:\/\/x.com\/Vol_Libre_Prod","https:\/\/www.instagram.com\/lesaiglesdesremparts.provins\/","https:\/\/www.youtube.com\/@Vol-Libre-fauconnerie-equestre"]}]}},"_links":{"self":[{"href":"https:\/\/www.vollibre.fr\/en\/wp-json\/wp\/v2\/pages\/18493","targetHints":{"allow":["GET"]}}],"collection":[{"href":"https:\/\/www.vollibre.fr\/en\/wp-json\/wp\/v2\/pages"}],"about":[{"href":"https:\/\/www.vollibre.fr\/en\/wp-json\/wp\/v2\/types\/page"}],"author":[{"embeddable":true,"href":"https:\/\/www.vollibre.fr\/en\/wp-json\/wp\/v2\/users\/7"}],"replies":[{"embeddable":true,"href":"https:\/\/www.vollibre.fr\/en\/wp-json\/wp\/v2\/comments?post=18493"}],"version-history":[{"count":5,"href":"https:\/\/www.vollibre.fr\/en\/wp-json\/wp\/v2\/pages\/18493\/revisions"}],"predecessor-version":[{"id":19636,"href":"https:\/\/www.vollibre.fr\/en\/wp-json\/wp\/v2\/pages\/18493\/revisions\/19636"}],"wp:attachment":[{"href":"https:\/\/www.vollibre.fr\/en\/wp-json\/wp\/v2\/media?parent=18493"}],"curies":[{"name":"wp","href":"https:\/\/api.w.org\/{rel}","templated":true}]}}