{"id":18606,"date":"2018-02-19T15:16:56","date_gmt":"2018-02-19T14:16:56","guid":{"rendered":"https:\/\/www.vollibre.fr\/tarifs-billetterie-spectacle-aigles-des-remparts-provins\/"},"modified":"2025-11-21T17:05:06","modified_gmt":"2025-11-21T16:05:06","slug":"tickets-prices-eagles-of-the-ramparts-provins","status":"publish","type":"page","link":"https:\/\/www.vollibre.fr\/en\/tickets-prices-eagles-of-the-ramparts-provins\/","title":{"rendered":"Tickets and prices"},"content":{"rendered":"<div class=\"wpb-content-wrapper\"><p>[vc_row css_animation=&#8221;&#8221; row_type=&#8221;row&#8221; use_row_as_full_screen_section=&#8221;no&#8221; type=&#8221;grid&#8221; angled_section=&#8221;no&#8221; text_align=&#8221;left&#8221; background_image_as_pattern=&#8221;without_pattern&#8221; css=&#8221;.vc_custom_1520242234741{padding-top: 0% !important;padding-bottom: 0% !important;}&#8221; z_index=&#8221;&#8221;][vc_column][vc_empty_space height=&#8221;20px&#8221;][vc_column_text]<\/p>\n<h1>Ticket office for the Eagles show in Provins<\/h1>\n<p>[\/vc_column_text][vc_empty_space height=&#8221;45px&#8221;][\/vc_column][\/vc_row][vc_row css_animation=&#8221;&#8221; row_type=&#8221;row&#8221; use_row_as_full_screen_section=&#8221;no&#8221; type=&#8221;grid&#8221; angled_section=&#8221;no&#8221; text_align=&#8221;left&#8221; background_image_as_pattern=&#8221;without_pattern&#8221; z_index=&#8221;&#8221;][vc_column][vc_empty_space]<a  itemprop=\"url\" href=\"https:\/\/www.billetweb.fr\/les-aigles-des-remparts-2026\" target=\"_self\"  class=\"qbutton  big_large default  qode-button-shadow\" style=\"\">BUY TICKETS !<\/a>[vc_empty_space][\/vc_column][\/vc_row][vc_row css_animation=&#8221;element_from_top&#8221; row_type=&#8221;row&#8221; use_row_as_full_screen_section=&#8221;no&#8221; type=&#8221;grid&#8221; angled_section=&#8221;no&#8221; text_align=&#8221;left&#8221; background_image_as_pattern=&#8221;without_pattern&#8221; z_index=&#8221;&#8221;][vc_column width=&#8221;1\/2&#8243;][vc_single_image image=&#8221;17682&#8243; img_size=&#8221;large&#8221; alignment=&#8221;center&#8221; qode_css_animation=&#8221;element_from_left&#8221;][vc_empty_space height=&#8221;10px&#8221;][\/vc_column][vc_column width=&#8221;1\/2&#8243;][vc_column_text css=&#8221;&#8221;]<\/p>\n<h2>Prices 2026<\/h2>\n<p>[\/vc_column_text][vc_empty_space height=&#8221;20px&#8221;][vc_column_text]<\/p>\n<h3>Buy your tickets on ligne and get lower prices !<\/h3>\n<p>[\/vc_column_text][vc_empty_space height=&#8221;20px&#8221;][vc_column_text]<strong>Prices locally:<\/strong> adult 14 \u20ac \u2013 child (4-12 years old) 10 \u20ac \/ <em>free entrance under 4 years<\/em><\/p>\n<p><strong>Prices online<\/strong>: adult 13 \u20ac &#8211; child (4-12 years old) 9 \u20ac<\/p>\n<p><strong>Reduced prices : <\/strong>adult 12 \u20ac \u2013 child (4-12 years old) 8 \u20ac.<\/p>\n<p>Reduced prices accepted with a valid proof, only for :<br \/>\n&#8211; With the PASS PROVINS (sell by Provins Tourism on line or at the tourist office)<\/p>\n<p style=\"text-align: left;\">&#8211; On Wednesday, except during French school holidays, reduced price for child (4-12 years old): 8 \u20ac.<br \/>\n&#8211; Upon presentation of a valid receipt: students, seniors over 65 years old, disabled persons, and for accompanying a disabled person: 12 \u20ac<br \/>\n&#8211; Upon presentation of card for large families, reduced price only for children (4-12 years old): 8 \u20ac.<\/p>\n<p>[\/vc_column_text][vc_empty_space][\/vc_column][\/vc_row][vc_row css_animation=&#8221;element_from_top&#8221; row_type=&#8221;row&#8221; use_row_as_full_screen_section=&#8221;no&#8221; type=&#8221;grid&#8221; angled_section=&#8221;no&#8221; text_align=&#8221;left&#8221; background_image_as_pattern=&#8221;without_pattern&#8221; z_index=&#8221;&#8221;][vc_column width=&#8221;1\/2&#8243;][vc_empty_space height=&#8221;30px&#8221;][vc_column_text]<\/p>\n<h2>Where can you buy tickets ?<\/h2>\n<p>[\/vc_column_text][vc_empty_space height=&#8221;20px&#8221;][vc_column_text css=&#8221;&#8221;]<\/p>\n<h3>Online :<\/h3>\n<h3>\u2192 buy you tickets online and get lower prices !<\/h3>\n<p><a href=\"https:\/\/www.billetweb.fr\/les-aigles-des-remparts-2026\"><span style=\"color: #000080;\"><strong>https:\/\/www.billetweb.fr\/les-aigles-des-remparts-2026<\/strong><\/span><\/a><\/p>\n<p><strong>\u2192 Or in Provins, to our local desk\u00a0 <\/strong><em>at the entrance of the show<\/em><\/p>\n<p><strong>Payment methods locally : <\/strong>Credit cards (Visa, EuroCard, MasterCard) &#8211; Cash in euro.<\/p>\n<p><strong>\u00a0<\/strong><\/p>\n<ul>\n<li><strong>Tickets sold by Provins Tourist Office<br \/>\n<\/strong><\/li>\n<\/ul>\n<p>Buy your tickets for the <strong>package : Show+Pass visit of Provins<\/strong> &#8211; click here\u00a0 <a href=\"https:\/\/reservation.provins.net\/z13589_uk-.aspx\" target=\"_blank\" rel=\"noopener\">www.provins.net<\/a><\/p>\n<p><strong><span style=\"color: #ff0000;\">NB : those tickets are available only up to 24h before the date D-1 <\/span><\/strong><\/p>\n<p><strong><span style=\"color: #ff0000;\">\u2192 past this time, tickets are available only on our own website (<a style=\"color: #ff0000;\" href=\"https:\/\/www.billetweb.fr\/les-aigles-des-remparts-2024\">billetweb.fr<\/a>) or locally.\u00a0 <\/span><br \/>\n<\/strong><\/p>\n<p>&nbsp;<\/p>\n<p><strong><em>YOU WANT TO BUY THE DAY YOU ARE IN PROVINS?<\/em><\/strong><\/p>\n<p>\u2192 Tickets are always available on our website up to the last minute <span style=\"color: #000000;\">(<a style=\"color: #000000;\" href=\"https:\/\/www.vollibre.fr\/en\/eagles-of-the-ramparts-provins\/\">vollibre.fr<\/a> or <a style=\"color: #000000;\" href=\"https:\/\/www.billetweb.fr\/les-aigles-des-remparts-2024\">billetweb.fr<\/a>)<\/span> or locally at the entrance of the show.[\/vc_column_text][\/vc_column][vc_column width=&#8221;1\/2&#8243;][vc_empty_space height=&#8221;30px&#8221;][vc_single_image image=&#8221;17683&#8243; img_size=&#8221;medium&#8221; alignment=&#8221;center&#8221; qode_css_animation=&#8221;element_from_right&#8221;][vc_empty_space][vc_column_text]<span style=\"color: #ff6600;\"><strong>\u2666\u2666\u2666 CANCELLATION CONDITIONS BY THE ORGANIZER \u2666\u2666\u2666 <\/strong><\/span><\/p>\n<p><span style=\"color: #ff6600;\"><strong>The show can be canceled UNTIL THE LAST MINUTE if the weather conditions are not good for the safety of our birds (strong wind, heavy rain, heat wave).<\/strong><\/span><\/p>\n<p><span style=\"color: #ff6600;\"><strong>The total refund or a postponement date of the ticket will be made if the show is canceled by the organizer.<\/strong><\/span><\/p>\n<p><span style=\"color: #ff6600;\"><strong>\u00a0<\/strong><\/span>[\/vc_column_text][\/vc_column][\/vc_row][vc_row css_animation=&#8221;&#8221; row_type=&#8221;row&#8221; use_row_as_full_screen_section=&#8221;no&#8221; type=&#8221;grid&#8221; angled_section=&#8221;no&#8221; text_align=&#8221;left&#8221; background_image_as_pattern=&#8221;without_pattern&#8221; z_index=&#8221;&#8221;][vc_column css_animation=&#8221;none&#8221; width=&#8221;1\/6&#8243;]\n\n\t<a href=\"https:\/\/www.vollibre.fr\/en\/about-the-show-eagles-of-the-ramparts-provins\/\" target=\"_self\" style=\"color: #ffffff;background-color: #f7901e;font-size: 14px;font-weight: 700;text-transform: uppercase;font-style: normal\" class=\"qode-btn qode-btn-medium qode-btn-solid qode-btn-custom-hover-bg qode-btn-custom-hover-color qode-btn-default-hover\" data-hover-bg-color=\"#4da3b5\" data-hover-color=\"#000000\" >\n\t    <span class=\"qode-btn-text\">About the show<\/span>\t<\/a>\n\n[vc_empty_space][\/vc_column][vc_column css_animation=&#8221;none&#8221; width=&#8221;1\/6&#8243;]\n\n\t<a href=\"https:\/\/www.vollibre.fr\/en\/schedules-eagles-of-the-ramparts-provins\/\" target=\"_self\" style=\"color: #ffffff;background-color: #f7901e;font-size: 14px;font-weight: 700;text-transform: uppercase;font-style: normal\" class=\"qode-btn qode-btn-medium qode-btn-solid qode-btn-custom-hover-bg qode-btn-custom-hover-color qode-btn-default-hover\" data-hover-bg-color=\"#4da3b5\" data-hover-color=\"#000000\" >\n\t    <span class=\"qode-btn-text\">Schedules<\/span>\t<\/a>\n\n[vc_empty_space][\/vc_column][vc_column css_animation=&#8221;none&#8221; width=&#8221;1\/6&#8243;]\n\n\t<a href=\"https:\/\/www.vollibre.fr\/en\/tickets-prices-eagles-of-the-ramparts-provins\/\" target=\"_self\" style=\"color: #ffffff;background-color: #bfbfbf;font-size: 14px;font-weight: 700;text-transform: uppercase;font-style: normal\" class=\"qode-btn qode-btn-medium qode-btn-solid qode-btn-custom-hover-bg qode-btn-custom-hover-color qode-btn-default-hover\" data-hover-bg-color=\"#bfbfbf\" data-hover-color=\"#ffffff\" >\n\t    <span class=\"qode-btn-text\">Tickets<\/span>\t<\/a>\n\n[vc_empty_space][\/vc_column][vc_column css_animation=&#8221;none&#8221; width=&#8221;1\/6&#8243;]\n\n\t<a href=\"https:\/\/www.vollibre.fr\/en\/groups-eagles-of-the-ramparts-provins\/\" target=\"_self\" style=\"color: #ffffff;background-color: #f7901e;font-size: 14px;font-weight: 700;text-transform: uppercase;font-style: normal\" class=\"qode-btn qode-btn-medium qode-btn-solid qode-btn-custom-hover-bg qode-btn-custom-hover-color qode-btn-default-hover\" data-hover-bg-color=\"#4da3b5\" data-hover-color=\"#000000\" >\n\t    <span class=\"qode-btn-text\">Groups<\/span>\t<\/a>\n\n[vc_empty_space][\/vc_column][vc_column css_animation=&#8221;none&#8221; width=&#8221;1\/6&#8243;]\n\n\t<a href=\"https:\/\/www.vollibre.fr\/en\/access-parking-provins\/\" target=\"_self\" style=\"color: #ffffff;background-color: #f7901e;font-size: 14px;font-weight: 700;text-transform: uppercase;font-style: normal\" class=\"qode-btn qode-btn-medium qode-btn-solid qode-btn-custom-hover-bg qode-btn-custom-hover-color qode-btn-default-hover\" data-hover-bg-color=\"#4da3b5\" data-hover-color=\"#000000\" >\n\t    <span class=\"qode-btn-text\">Access - parking<\/span>\t<\/a>\n\n[vc_empty_space][\/vc_column][vc_column css_animation=&#8221;none&#8221; width=&#8221;1\/6&#8243;]\n\n\t<a href=\"https:\/\/www.vollibre.fr\/en\/birds-of-prey-and-horses-provins\/\" target=\"_self\" style=\"color: #ffffff;background-color: #f7901e;font-size: 14px;font-weight: 700;text-transform: uppercase;font-style: normal\" class=\"qode-btn qode-btn-medium qode-btn-solid qode-btn-custom-hover-bg qode-btn-custom-hover-color qode-btn-default-hover\" data-hover-bg-color=\"#4da3b5\" data-hover-color=\"#000000\" >\n\t    <span class=\"qode-btn-text\">Birds and Horses<\/span>\t<\/a>\n\n[vc_empty_space][\/vc_column][\/vc_row][vc_row css_animation=&#8221;&#8221; row_type=&#8221;row&#8221; use_row_as_full_screen_section=&#8221;no&#8221; type=&#8221;full_width&#8221; angled_section=&#8221;no&#8221; text_align=&#8221;left&#8221; background_image_as_pattern=&#8221;without_pattern&#8221;][vc_column][vc_empty_space][\/vc_column][\/vc_row]<\/p>\n<\/div>","protected":false},"excerpt":{"rendered":"<p>[vc_row css_animation=&#8221;&#8221; row_type=&#8221;row&#8221; use_row_as_full_screen_section=&#8221;no&#8221; type=&#8221;grid&#8221; angled_section=&#8221;no&#8221; text_align=&#8221;left&#8221; background_image_as_pattern=&#8221;without_pattern&#8221; css=&#8221;.vc_custom_1520242234741{padding-top: 0% !important;padding-bottom: 0% !important;}&#8221; z_index=&#8221;&#8221;][vc_column][vc_empty_space height=&#8221;20px&#8221;][vc_column_text] Ticket office for the Eagles show in Provins [\/vc_column_text][vc_empty_space height=&#8221;45px&#8221;][\/vc_column][\/vc_row][vc_row css_animation=&#8221;&#8221; row_type=&#8221;row&#8221; use_row_as_full_screen_section=&#8221;no&#8221; type=&#8221;grid&#8221; angled_section=&#8221;no&#8221; text_align=&#8221;left&#8221; background_image_as_pattern=&#8221;without_pattern&#8221; z_index=&#8221;&#8221;][vc_column][vc_empty_space][vc_empty_space][\/vc_column][\/vc_row][vc_row css_animation=&#8221;element_from_top&#8221; row_type=&#8221;row&#8221; use_row_as_full_screen_section=&#8221;no&#8221; type=&#8221;grid&#8221; angled_section=&#8221;no&#8221; text_align=&#8221;left&#8221; background_image_as_pattern=&#8221;without_pattern&#8221; z_index=&#8221;&#8221;][vc_column width=&#8221;1\/2&#8243;][vc_single_image image=&#8221;17682&#8243; img_size=&#8221;large&#8221; alignment=&#8221;center&#8221;&#8230;<\/p>\n","protected":false},"author":7,"featured_media":0,"parent":0,"menu_order":0,"comment_status":"closed","ping_status":"closed","template":"full_width.php","meta":{"footnotes":""},"class_list":["post-18606","page","type-page","status-publish","hentry"],"yoast_head":"<!-- This site is optimized with the Yoast SEO plugin v27.4 - https:\/\/yoast.com\/product\/yoast-seo-wordpress\/ -->\n<title>Billetterie - les Aigles des remparts - Spectacle Provins (77) - Vol Libre<\/title>\n<meta name=\"description\" content=\"Venez r\u00e9server vos billets pour le spectacle : &quot;Les Aigles des Remparts&quot; \u00e0 Provins, en Seine-et-Marne. Au Th\u00e9\u00e2tre des Remparts de la cit\u00e9 m\u00e9di\u00e9vale de Provins. Un spectacle de fauconnerie tout public, pour une sortie insolite en famille ou entre amis.\" \/>\n<meta name=\"robots\" content=\"index, follow, max-snippet:-1, max-image-preview:large, max-video-preview:-1\" \/>\n<link rel=\"canonical\" href=\"https:\/\/www.vollibre.fr\/en\/tickets-prices-eagles-of-the-ramparts-provins\/\" \/>\n<meta property=\"og:locale\" content=\"en_US\" \/>\n<meta property=\"og:type\" content=\"article\" \/>\n<meta property=\"og:title\" content=\"Billetterie - les Aigles des remparts - Spectacle Provins (77) - Vol Libre\" \/>\n<meta property=\"og:description\" content=\"Venez r\u00e9server vos billets pour le spectacle : &quot;Les Aigles des Remparts&quot; \u00e0 Provins, en Seine-et-Marne. Au Th\u00e9\u00e2tre des Remparts de la cit\u00e9 m\u00e9di\u00e9vale de Provins. Un spectacle de fauconnerie tout public, pour une sortie insolite en famille ou entre amis.\" \/>\n<meta property=\"og:url\" content=\"https:\/\/www.vollibre.fr\/en\/tickets-prices-eagles-of-the-ramparts-provins\/\" \/>\n<meta property=\"og:site_name\" content=\"Vol Libre\" \/>\n<meta property=\"article:publisher\" content=\"https:\/\/www.facebook.com\/AiglesDesRemparts.Provins\" \/>\n<meta property=\"article:modified_time\" content=\"2025-11-21T16:05:06+00:00\" \/>\n<meta property=\"og:image\" content=\"https:\/\/www.vollibre.fr\/wp-content\/uploads\/2019\/02\/AIGLES-DES-REMPARTS-2019-facebook.jpg\" \/>\n\t<meta property=\"og:image:width\" content=\"1196\" \/>\n\t<meta property=\"og:image:height\" content=\"615\" \/>\n\t<meta property=\"og:image:type\" content=\"image\/jpeg\" \/>\n<meta name=\"twitter:card\" content=\"summary_large_image\" \/>\n<meta name=\"twitter:site\" content=\"@Vol_Libre_Prod\" \/>\n<meta name=\"twitter:label1\" content=\"Est. reading time\" \/>\n\t<meta name=\"twitter:data1\" content=\"3 minutes\" \/>\n<script type=\"application\/ld+json\" class=\"yoast-schema-graph\">{\"@context\":\"https:\\\/\\\/schema.org\",\"@graph\":[{\"@type\":\"WebPage\",\"@id\":\"https:\\\/\\\/www.vollibre.fr\\\/en\\\/tickets-prices-eagles-of-the-ramparts-provins\\\/\",\"url\":\"https:\\\/\\\/www.vollibre.fr\\\/en\\\/tickets-prices-eagles-of-the-ramparts-provins\\\/\",\"name\":\"Billetterie - les Aigles des remparts - Spectacle Provins (77) - Vol Libre\",\"isPartOf\":{\"@id\":\"https:\\\/\\\/www.vollibre.fr\\\/#website\"},\"datePublished\":\"2018-02-19T14:16:56+00:00\",\"dateModified\":\"2025-11-21T16:05:06+00:00\",\"description\":\"Venez r\u00e9server vos billets pour le spectacle : \\\"Les Aigles des Remparts\\\" \u00e0 Provins, en Seine-et-Marne. Au Th\u00e9\u00e2tre des Remparts de la cit\u00e9 m\u00e9di\u00e9vale de Provins. Un spectacle de fauconnerie tout public, pour une sortie insolite en famille ou entre amis.\",\"breadcrumb\":{\"@id\":\"https:\\\/\\\/www.vollibre.fr\\\/en\\\/tickets-prices-eagles-of-the-ramparts-provins\\\/#breadcrumb\"},\"inLanguage\":\"en-US\",\"potentialAction\":[{\"@type\":\"ReadAction\",\"target\":[\"https:\\\/\\\/www.vollibre.fr\\\/en\\\/tickets-prices-eagles-of-the-ramparts-provins\\\/\"]}]},{\"@type\":\"BreadcrumbList\",\"@id\":\"https:\\\/\\\/www.vollibre.fr\\\/en\\\/tickets-prices-eagles-of-the-ramparts-provins\\\/#breadcrumb\",\"itemListElement\":[{\"@type\":\"ListItem\",\"position\":1,\"name\":\"Accueil\",\"item\":\"https:\\\/\\\/www.vollibre.fr\\\/en\\\/\"},{\"@type\":\"ListItem\",\"position\":2,\"name\":\"Tickets and prices\"}]},{\"@type\":\"WebSite\",\"@id\":\"https:\\\/\\\/www.vollibre.fr\\\/#website\",\"url\":\"https:\\\/\\\/www.vollibre.fr\\\/\",\"name\":\"Vol Libre\",\"description\":\"Fauconnerie \u00e9questre\",\"publisher\":{\"@id\":\"https:\\\/\\\/www.vollibre.fr\\\/#organization\"},\"potentialAction\":[{\"@type\":\"SearchAction\",\"target\":{\"@type\":\"EntryPoint\",\"urlTemplate\":\"https:\\\/\\\/www.vollibre.fr\\\/?s={search_term_string}\"},\"query-input\":{\"@type\":\"PropertyValueSpecification\",\"valueRequired\":true,\"valueName\":\"search_term_string\"}}],\"inLanguage\":\"en-US\"},{\"@type\":\"Organization\",\"@id\":\"https:\\\/\\\/www.vollibre.fr\\\/#organization\",\"name\":\"Vol Libre\",\"url\":\"https:\\\/\\\/www.vollibre.fr\\\/\",\"logo\":{\"@type\":\"ImageObject\",\"inLanguage\":\"en-US\",\"@id\":\"https:\\\/\\\/www.vollibre.fr\\\/#\\\/schema\\\/logo\\\/image\\\/\",\"url\":\"https:\\\/\\\/www.vollibre.fr\\\/wp-content\\\/uploads\\\/2018\\\/02\\\/Logo-Vol-Libre-P.png\",\"contentUrl\":\"https:\\\/\\\/www.vollibre.fr\\\/wp-content\\\/uploads\\\/2018\\\/02\\\/Logo-Vol-Libre-P.png\",\"width\":150,\"height\":197,\"caption\":\"Vol Libre\"},\"image\":{\"@id\":\"https:\\\/\\\/www.vollibre.fr\\\/#\\\/schema\\\/logo\\\/image\\\/\"},\"sameAs\":[\"https:\\\/\\\/www.facebook.com\\\/AiglesDesRemparts.Provins\",\"https:\\\/\\\/x.com\\\/Vol_Libre_Prod\",\"https:\\\/\\\/www.instagram.com\\\/lesaiglesdesremparts.provins\\\/\",\"https:\\\/\\\/www.youtube.com\\\/@Vol-Libre-fauconnerie-equestre\"]}]}<\/script>\n<!-- \/ Yoast SEO plugin. -->","yoast_head_json":{"title":"Billetterie - les Aigles des remparts - Spectacle Provins (77) - Vol Libre","description":"Venez r\u00e9server vos billets pour le spectacle : \"Les Aigles des Remparts\" \u00e0 Provins, en Seine-et-Marne. Au Th\u00e9\u00e2tre des Remparts de la cit\u00e9 m\u00e9di\u00e9vale de Provins. Un spectacle de fauconnerie tout public, pour une sortie insolite en famille ou entre amis.","robots":{"index":"index","follow":"follow","max-snippet":"max-snippet:-1","max-image-preview":"max-image-preview:large","max-video-preview":"max-video-preview:-1"},"canonical":"https:\/\/www.vollibre.fr\/en\/tickets-prices-eagles-of-the-ramparts-provins\/","og_locale":"en_US","og_type":"article","og_title":"Billetterie - les Aigles des remparts - Spectacle Provins (77) - Vol Libre","og_description":"Venez r\u00e9server vos billets pour le spectacle : \"Les Aigles des Remparts\" \u00e0 Provins, en Seine-et-Marne. Au Th\u00e9\u00e2tre des Remparts de la cit\u00e9 m\u00e9di\u00e9vale de Provins. Un spectacle de fauconnerie tout public, pour une sortie insolite en famille ou entre amis.","og_url":"https:\/\/www.vollibre.fr\/en\/tickets-prices-eagles-of-the-ramparts-provins\/","og_site_name":"Vol Libre","article_publisher":"https:\/\/www.facebook.com\/AiglesDesRemparts.Provins","article_modified_time":"2025-11-21T16:05:06+00:00","og_image":[{"width":1196,"height":615,"url":"https:\/\/www.vollibre.fr\/wp-content\/uploads\/2019\/02\/AIGLES-DES-REMPARTS-2019-facebook.jpg","type":"image\/jpeg"}],"twitter_card":"summary_large_image","twitter_site":"@Vol_Libre_Prod","twitter_misc":{"Est. reading time":"3 minutes"},"schema":{"@context":"https:\/\/schema.org","@graph":[{"@type":"WebPage","@id":"https:\/\/www.vollibre.fr\/en\/tickets-prices-eagles-of-the-ramparts-provins\/","url":"https:\/\/www.vollibre.fr\/en\/tickets-prices-eagles-of-the-ramparts-provins\/","name":"Billetterie - les Aigles des remparts - Spectacle Provins (77) - Vol Libre","isPartOf":{"@id":"https:\/\/www.vollibre.fr\/#website"},"datePublished":"2018-02-19T14:16:56+00:00","dateModified":"2025-11-21T16:05:06+00:00","description":"Venez r\u00e9server vos billets pour le spectacle : \"Les Aigles des Remparts\" \u00e0 Provins, en Seine-et-Marne. Au Th\u00e9\u00e2tre des Remparts de la cit\u00e9 m\u00e9di\u00e9vale de Provins. Un spectacle de fauconnerie tout public, pour une sortie insolite en famille ou entre amis.","breadcrumb":{"@id":"https:\/\/www.vollibre.fr\/en\/tickets-prices-eagles-of-the-ramparts-provins\/#breadcrumb"},"inLanguage":"en-US","potentialAction":[{"@type":"ReadAction","target":["https:\/\/www.vollibre.fr\/en\/tickets-prices-eagles-of-the-ramparts-provins\/"]}]},{"@type":"BreadcrumbList","@id":"https:\/\/www.vollibre.fr\/en\/tickets-prices-eagles-of-the-ramparts-provins\/#breadcrumb","itemListElement":[{"@type":"ListItem","position":1,"name":"Accueil","item":"https:\/\/www.vollibre.fr\/en\/"},{"@type":"ListItem","position":2,"name":"Tickets and prices"}]},{"@type":"WebSite","@id":"https:\/\/www.vollibre.fr\/#website","url":"https:\/\/www.vollibre.fr\/","name":"Vol Libre","description":"Fauconnerie \u00e9questre","publisher":{"@id":"https:\/\/www.vollibre.fr\/#organization"},"potentialAction":[{"@type":"SearchAction","target":{"@type":"EntryPoint","urlTemplate":"https:\/\/www.vollibre.fr\/?s={search_term_string}"},"query-input":{"@type":"PropertyValueSpecification","valueRequired":true,"valueName":"search_term_string"}}],"inLanguage":"en-US"},{"@type":"Organization","@id":"https:\/\/www.vollibre.fr\/#organization","name":"Vol Libre","url":"https:\/\/www.vollibre.fr\/","logo":{"@type":"ImageObject","inLanguage":"en-US","@id":"https:\/\/www.vollibre.fr\/#\/schema\/logo\/image\/","url":"https:\/\/www.vollibre.fr\/wp-content\/uploads\/2018\/02\/Logo-Vol-Libre-P.png","contentUrl":"https:\/\/www.vollibre.fr\/wp-content\/uploads\/2018\/02\/Logo-Vol-Libre-P.png","width":150,"height":197,"caption":"Vol Libre"},"image":{"@id":"https:\/\/www.vollibre.fr\/#\/schema\/logo\/image\/"},"sameAs":["https:\/\/www.facebook.com\/AiglesDesRemparts.Provins","https:\/\/x.com\/Vol_Libre_Prod","https:\/\/www.instagram.com\/lesaiglesdesremparts.provins\/","https:\/\/www.youtube.com\/@Vol-Libre-fauconnerie-equestre"]}]}},"_links":{"self":[{"href":"https:\/\/www.vollibre.fr\/en\/wp-json\/wp\/v2\/pages\/18606","targetHints":{"allow":["GET"]}}],"collection":[{"href":"https:\/\/www.vollibre.fr\/en\/wp-json\/wp\/v2\/pages"}],"about":[{"href":"https:\/\/www.vollibre.fr\/en\/wp-json\/wp\/v2\/types\/page"}],"author":[{"embeddable":true,"href":"https:\/\/www.vollibre.fr\/en\/wp-json\/wp\/v2\/users\/7"}],"replies":[{"embeddable":true,"href":"https:\/\/www.vollibre.fr\/en\/wp-json\/wp\/v2\/comments?post=18606"}],"version-history":[{"count":5,"href":"https:\/\/www.vollibre.fr\/en\/wp-json\/wp\/v2\/pages\/18606\/revisions"}],"predecessor-version":[{"id":19641,"href":"https:\/\/www.vollibre.fr\/en\/wp-json\/wp\/v2\/pages\/18606\/revisions\/19641"}],"wp:attachment":[{"href":"https:\/\/www.vollibre.fr\/en\/wp-json\/wp\/v2\/media?parent=18606"}],"curies":[{"name":"wp","href":"https:\/\/api.w.org\/{rel}","templated":true}]}}