{"id":18818,"date":"2018-02-20T11:35:07","date_gmt":"2018-02-20T10:35:07","guid":{"rendered":"https:\/\/www.vollibre.fr\/spectacles-equestres-prestations\/"},"modified":"2022-09-14T16:52:51","modified_gmt":"2022-09-14T14:52:51","slug":"event-performances","status":"publish","type":"page","link":"https:\/\/www.vollibre.fr\/en\/event-performances\/","title":{"rendered":"Special events and horse shows"},"content":{"rendered":"<div class=\"wpb-content-wrapper\"><p>[vc_row css_animation=&#8221;&#8221; row_type=&#8221;row&#8221; use_row_as_full_screen_section=&#8221;no&#8221; type=&#8221;grid&#8221; angled_section=&#8221;no&#8221; text_align=&#8221;left&#8221; background_image_as_pattern=&#8221;without_pattern&#8221; z_index=&#8221;&#8221;][vc_column][vc_empty_space][vc_column_text]<\/p>\n<h1>Event performances<\/h1>\n<p>[\/vc_column_text][vc_empty_space height=&#8221;45px&#8221;][\/vc_column][\/vc_row][vc_row css_animation=&#8221;&#8221; row_type=&#8221;row&#8221; use_row_as_full_screen_section=&#8221;no&#8221; type=&#8221;grid&#8221; angled_section=&#8221;no&#8221; text_align=&#8221;left&#8221; background_image_as_pattern=&#8221;without_pattern&#8221; z_index=&#8221;&#8221;][vc_column][vc_column_text]<\/p>\n<h3>Tailor-made shows for prestigious events!<\/h3>\n<h3><\/h3>\n<p>[\/vc_column_text][vc_empty_space height=&#8221;30px&#8221;][\/vc_column][\/vc_row][vc_row css_animation=&#8221;element_from_top&#8221; row_type=&#8221;row&#8221; use_row_as_full_screen_section=&#8221;no&#8221; type=&#8221;grid&#8221; angled_section=&#8221;no&#8221; text_align=&#8221;left&#8221; background_image_as_pattern=&#8221;without_pattern&#8221; z_index=&#8221;&#8221;][vc_column width=&#8221;1\/2&#8243;][vc_single_image image=&#8221;16368&#8243; img_size=&#8221;large&#8221; qode_css_animation=&#8221;element_from_left&#8221;][vc_empty_space height=&#8221;10px&#8221;][\/vc_column][vc_column width=&#8221;1\/2&#8243;][vc_column_text]<\/p>\n<h2>Shows for special events<\/h2>\n<p>[\/vc_column_text][vc_empty_space height=&#8221;20px&#8221;][vc_column_text]Appreciated by the public and professionals alike, Vol Libre boasts performances that are as visual as they are poetic, and as lively as they are unique.<\/p>\n<p>Our eagles, falcons, hawks, owls, horses have marked many events with their charisma and natural talents.<br \/>\nTogether we will realize your most gigantic events with love, respect and passion for our animals.<\/p>\n<p>&nbsp;<\/p>\n<p><strong><a href=\"https:\/\/www.vollibre.fr\/videos-spectacles-de-fauconnerie-prestations-evenements\/\" target=\"_blank\" rel=\"noopener noreferrer\">VIDEOS of some events we performed : click here!<\/a>\u00a0 <\/strong>[\/vc_column_text][vc_empty_space height=&#8221;30px&#8221;][\/vc_column][\/vc_row][vc_row css_animation=&#8221;element_from_top&#8221; row_type=&#8221;row&#8221; use_row_as_full_screen_section=&#8221;no&#8221; type=&#8221;grid&#8221; angled_section=&#8221;no&#8221; text_align=&#8221;left&#8221; background_image_as_pattern=&#8221;without_pattern&#8221; z_index=&#8221;&#8221;][vc_column width=&#8221;1\/2&#8243;][vc_column_text]<\/p>\n<h2>Some examples of shows on horse events<\/h2>\n<p>[\/vc_column_text][vc_empty_space height=&#8221;20px&#8221;][vc_column_text]<strong>EQUESTRIAN SHOWS<\/strong><\/p>\n<p>&nbsp;<\/p>\n<p><strong>RACECOURSES<\/strong><\/p>\n<p>Longchamp and Auteuil \/ France Galop &#8211; 2014<\/p>\n<p>Vichy &#8211; 2011<\/p>\n<p>&nbsp;<\/p>\n<p><strong>EQUESTRIAN FESTIVALS<\/strong><\/p>\n<p>Equestria Festival &#8211; Tarbes 2016<\/p>\n<p>Festival of Equestrian Art &#8211; Royan 2010<\/p>\n<p><strong>\u00a0<\/strong><\/p>\n<p><strong>WORLD EQUESTRIAN GAMES<\/strong><\/p>\n<p>Performances at the Games Village, Caen (France) \u2013 2014<\/p>\n<p>&nbsp;<\/p>\n<p><strong>HORSE SHOWS<\/strong><\/p>\n<p>Polo Bagatelle de Paris &#8211; 2008<\/p>\n<p>Horse Fair, Paris &#8211; 2000, 2002, 2006<\/p>\n<p><strong>\u00a0<\/strong><\/p>\n<p><strong>INTERNATIONAL SHOW JUMPING EVENTS<\/strong><\/p>\n<p>Geneva (Switzerland)<\/p>\n<p>Kiel (Germany)<\/p>\n<p>British Open (England)<\/p>\n<p>La Baule (France)<\/p>\n<p>&nbsp;<\/p>\n<p><strong>FRENCH NATIONAL STUD<\/strong><\/p>\n<p>Hennebont &#8211; 2013<\/p>\n<p>Tarbes &#8211; 2016<\/p>\n<p>&nbsp;<\/p>\n<p><strong>GRANDES ECURIES DE CHANTILLY<\/strong><\/p>\n<p>The largest stables in Europe and a masterpiece of 18th century architecture!<\/p>\n<p>A collaboration with Yves and Sophie Bienaim\u00e9 on a show devoted to the art of dressage &#8211; 2006[\/vc_column_text][vc_empty_space][\/vc_column][vc_column width=&#8221;1\/2&#8243;][vc_single_image image=&#8221;16370&#8243; img_size=&#8221;large&#8221; alignment=&#8221;center&#8221; qode_css_animation=&#8221;element_from_right&#8221;][vc_empty_space height=&#8221;10px&#8221;][vc_single_image image=&#8221;17722&#8243; img_size=&#8221;large&#8221; alignment=&#8221;center&#8221; qode_css_animation=&#8221;element_from_right&#8221;][vc_empty_space height=&#8221;10px&#8221;][vc_single_image image=&#8221;17462&#8243; img_size=&#8221;large&#8221; qode_css_animation=&#8221;&#8221;][vc_empty_space height=&#8221;20px&#8221;][\/vc_column][\/vc_row][vc_row css_animation=&#8221;element_from_top&#8221; row_type=&#8221;row&#8221; use_row_as_full_screen_section=&#8221;no&#8221; type=&#8221;grid&#8221; angled_section=&#8221;no&#8221; text_align=&#8221;left&#8221; background_image_as_pattern=&#8221;without_pattern&#8221; z_index=&#8221;&#8221;][vc_column width=&#8221;1\/2&#8243;][vc_single_image image=&#8221;16374&#8243; img_size=&#8221;large&#8221; qode_css_animation=&#8221;element_from_left&#8221;][vc_empty_space height=&#8221;10px&#8221;][\/vc_column][vc_column width=&#8221;1\/2&#8243;][vc_column_text]<\/p>\n<h2>Some examples on special events<\/h2>\n<p>[\/vc_column_text][vc_empty_space height=&#8221;20px&#8221;][vc_column_text]<strong>LARGE-SCALE PERFORMANCES<\/strong><\/p>\n<p>&nbsp;<\/p>\n<p><strong>EXCALIBUR\u00a0<\/strong><\/p>\n<p><strong>Stade de France &#8211; 2011<\/strong><\/p>\n<p>A show by Mario Luraschi<br \/>\nA feast for the senses at the Stade de France on September 24, 2011 in front of 50,000 spectators.<br \/>\nOur riders and falconers participated in the show, and our bald eagle wowed the crowds with his graceful flight above the arena.<\/p>\n<p>&nbsp;<\/p>\n<p><strong>EQI<\/strong><\/p>\n<p><strong>Monteux \/ France\u2013 2014<\/strong><\/p>\n<p>Equestrian musical show at Monteux, near Avignon.<br \/>\nA show directed by the famous trainer of wild horses, Fr\u00e9d\u00e9ric Pignon and his partner, Magali Delgado.<\/p>\n<p>&nbsp;<\/p>\n<p><strong>VERDI\u2019S AIDA, OPERA<\/strong><\/p>\n<p><strong>Stade de France \u2013 2001<\/strong><\/p>\n<p>The flight of the bald eagle\u2026<\/p>\n<p>Performed at the Stade de France, Paris, Germany and Switzerland.[\/vc_column_text][vc_empty_space height=&#8221;30px&#8221;][\/vc_column][\/vc_row][vc_row css_animation=&#8221;element_from_top&#8221; row_type=&#8221;row&#8221; use_row_as_full_screen_section=&#8221;no&#8221; type=&#8221;grid&#8221; angled_section=&#8221;no&#8221; text_align=&#8221;left&#8221; background_image_as_pattern=&#8221;without_pattern&#8221; z_index=&#8221;&#8221;][vc_column width=&#8221;2\/3&#8243;][vc_empty_space height=&#8221;30px&#8221;][vc_column_text]<img loading=\"lazy\" decoding=\"async\" class=\"wp-image-16375 alignleft\" src=\"http:\/\/www.vollibre.fr\/wp-content\/uploads\/2018\/02\/affiche-excalibur-300x157.jpg\" alt=\"Affiche du spectacle Excalibur\" width=\"217\" height=\"114\" srcset=\"https:\/\/www.vollibre.fr\/wp-content\/uploads\/2018\/02\/affiche-excalibur-300x157.jpg 300w, https:\/\/www.vollibre.fr\/wp-content\/uploads\/2018\/02\/affiche-excalibur.jpg 600w\" sizes=\"auto, (max-width: 217px) 100vw, 217px\" \/><strong>EXCALIBUR<\/strong><\/p>\n<p>Event show directed by Christian Vallat and equestrian stunts by Mario Luraschi; presented at the Stade de France in Paris on September 24, 2011 in front of 50,000 spectators!<\/p>\n<p>&nbsp;<\/p>\n<p>&nbsp;<\/p>\n<p style=\"margin: 0cm; margin-bottom: .0001pt;\"><strong>OPERA A\u00cfDA<\/strong><\/p>\n<p style=\"margin: 0cm; margin-bottom: .0001pt;\">Flight of the Bald Eagle in a scene from Aida&#8217;s opera. At the Stade de France, then in Germany and in Switzerland, 2001.<\/p>\n<p>[\/vc_column_text][vc_empty_space height=&#8221;30px&#8221;][\/vc_column][vc_column width=&#8221;1\/3&#8243;][vc_single_image image=&#8221;16384&#8243; img_size=&#8221;large&#8221; qode_css_animation=&#8221;element_from_right&#8221;][vc_empty_space height=&#8221;10px&#8221;][\/vc_column][\/vc_row][vc_row css_animation=&#8221;element_from_top&#8221; row_type=&#8221;row&#8221; use_row_as_full_screen_section=&#8221;no&#8221; type=&#8221;grid&#8221; angled_section=&#8221;no&#8221; text_align=&#8221;left&#8221; background_image_as_pattern=&#8221;without_pattern&#8221; z_index=&#8221;&#8221;][vc_column][vc_empty_space][\/vc_column][\/vc_row][vc_row css_animation=&#8221;&#8221; row_type=&#8221;row&#8221; use_row_as_full_screen_section=&#8221;no&#8221; type=&#8221;grid&#8221; angled_section=&#8221;no&#8221; text_align=&#8221;left&#8221; background_image_as_pattern=&#8221;without_pattern&#8221; z_index=&#8221;&#8221;][vc_column css_animation=&#8221;rotateInUpRight&#8221; width=&#8221;1\/6&#8243;]\n\n\t<a href=\"#\" target=\"_self\" style=\"color: #ffffff;background-color: #bfbfbf;font-size: 14px;font-weight: 700;text-transform: uppercase;font-style: normal\" class=\"qode-btn qode-btn-medium qode-btn-solid qode-btn-custom-hover-bg qode-btn-custom-hover-color qode-btn-default-hover\" data-hover-bg-color=\"#bfbfbf\" data-hover-color=\"#ffffff\" >\n\t    <span class=\"qode-btn-text\">Special events and horse shows<\/span>\t<\/a>\n\n[vc_empty_space][\/vc_column][vc_column css_animation=&#8221;rotateInUpRight&#8221; width=&#8221;1\/6&#8243;]\n\n\t<a href=\"https:\/\/www.vollibre.fr\/en\/entertainment-falconry-show\/\" target=\"_self\" style=\"color: #ffffff;background-color: #f7901e;font-size: 14px;font-weight: 700;text-transform: uppercase;font-style: normal\" class=\"qode-btn qode-btn-medium qode-btn-solid qode-btn-custom-hover-bg qode-btn-custom-hover-color qode-btn-default-hover\" data-hover-bg-color=\"#4da3b5\" data-hover-color=\"#000000\" >\n\t    <span class=\"qode-btn-text\">Entertainment shows<\/span>\t<\/a>\n\n[vc_empty_space][\/vc_column][vc_column css_animation=&#8221;rotateInUpRight&#8221; width=&#8221;1\/6&#8243;]\n\n\t<a href=\"https:\/\/www.vollibre.fr\/en\/movies-documentaries-services\/\" target=\"_self\" style=\"color: #ffffff;background-color: #f7901e;font-size: 14px;font-weight: 700;text-transform: uppercase;font-style: normal\" class=\"qode-btn qode-btn-medium qode-btn-solid qode-btn-custom-hover-bg qode-btn-custom-hover-color qode-btn-default-hover\" data-hover-bg-color=\"#4da3b5\" data-hover-color=\"#000000\" >\n\t    <span class=\"qode-btn-text\">Cinema and documentaries<\/span>\t<\/a>\n\n[vc_empty_space][\/vc_column][vc_column css_animation=&#8221;rotateInUpRight&#8221; width=&#8221;1\/6&#8243;]\n\n\t<a href=\"https:\/\/www.vollibre.fr\/en\/fashion-photo\/\" target=\"_self\" style=\"color: #ffffff;background-color: #f7901e;font-size: 14px;font-weight: 700;text-transform: uppercase;font-style: normal\" class=\"qode-btn qode-btn-medium qode-btn-solid qode-btn-custom-hover-bg qode-btn-custom-hover-color qode-btn-default-hover\" data-hover-bg-color=\"#4da3b5\" data-hover-color=\"#000000\" >\n\t    <span class=\"qode-btn-text\">Fashion - photos<\/span>\t<\/a>\n\n[vc_empty_space][\/vc_column][\/vc_row][vc_row css_animation=&#8221;&#8221; row_type=&#8221;row&#8221; use_row_as_full_screen_section=&#8221;no&#8221; type=&#8221;grid&#8221; angled_section=&#8221;no&#8221; text_align=&#8221;left&#8221; background_image_as_pattern=&#8221;without_pattern&#8221; z_index=&#8221;&#8221;][vc_column][vc_empty_space][\/vc_column][\/vc_row]<\/p>\n<\/div>","protected":false},"excerpt":{"rendered":"<p>[vc_row css_animation=&#8221;&#8221; row_type=&#8221;row&#8221; use_row_as_full_screen_section=&#8221;no&#8221; type=&#8221;grid&#8221; angled_section=&#8221;no&#8221; text_align=&#8221;left&#8221; background_image_as_pattern=&#8221;without_pattern&#8221; z_index=&#8221;&#8221;][vc_column][vc_empty_space][vc_column_text] Event performances [\/vc_column_text][vc_empty_space height=&#8221;45px&#8221;][\/vc_column][\/vc_row][vc_row css_animation=&#8221;&#8221; row_type=&#8221;row&#8221; use_row_as_full_screen_section=&#8221;no&#8221; type=&#8221;grid&#8221; angled_section=&#8221;no&#8221; text_align=&#8221;left&#8221; background_image_as_pattern=&#8221;without_pattern&#8221; z_index=&#8221;&#8221;][vc_column][vc_column_text] Tailor-made shows for prestigious events! [\/vc_column_text][vc_empty_space height=&#8221;30px&#8221;][\/vc_column][\/vc_row][vc_row css_animation=&#8221;element_from_top&#8221; row_type=&#8221;row&#8221; use_row_as_full_screen_section=&#8221;no&#8221; type=&#8221;grid&#8221; angled_section=&#8221;no&#8221; text_align=&#8221;left&#8221; background_image_as_pattern=&#8221;without_pattern&#8221; z_index=&#8221;&#8221;][vc_column width=&#8221;1\/2&#8243;][vc_single_image image=&#8221;16368&#8243; img_size=&#8221;large&#8221; qode_css_animation=&#8221;element_from_left&#8221;][vc_empty_space height=&#8221;10px&#8221;][\/vc_column][vc_column width=&#8221;1\/2&#8243;][vc_column_text] Shows for special&#8230;<\/p>\n","protected":false},"author":7,"featured_media":0,"parent":0,"menu_order":0,"comment_status":"closed","ping_status":"closed","template":"full_width.php","meta":{"footnotes":""},"class_list":["post-18818","page","type-page","status-publish","hentry"],"yoast_head":"<!-- This site is optimized with the Yoast SEO plugin v27.4 - https:\/\/yoast.com\/product\/yoast-seo-wordpress\/ -->\n<title>Special events and horse shows - Vol Libre<\/title>\n<meta name=\"description\" content=\"Sc\u00e8nes \u00e9questres et grands spectacles Des prestations sur mesure pour des \u00e9v\u00e8nements de prestige ! Des spectacles \u00e9v\u00e8nements Appr\u00e9ci\u00e9e du grand public autant que des professionnels du spectacle, Vol Libre r\u00e9alise des prestations insolites, dynamiques, tr\u00e8s visuelles et charg\u00e9es d&#039;\u00e9motions.\" \/>\n<meta name=\"robots\" content=\"index, follow, max-snippet:-1, max-image-preview:large, max-video-preview:-1\" \/>\n<link rel=\"canonical\" href=\"https:\/\/www.vollibre.fr\/en\/event-performances\/\" \/>\n<meta property=\"og:locale\" content=\"en_US\" \/>\n<meta property=\"og:type\" content=\"article\" \/>\n<meta property=\"og:title\" content=\"Special events and horse shows - Vol Libre\" \/>\n<meta property=\"og:description\" content=\"Sc\u00e8nes \u00e9questres et grands spectacles Des prestations sur mesure pour des \u00e9v\u00e8nements de prestige ! Des spectacles \u00e9v\u00e8nements Appr\u00e9ci\u00e9e du grand public autant que des professionnels du spectacle, Vol Libre r\u00e9alise des prestations insolites, dynamiques, tr\u00e8s visuelles et charg\u00e9es d&#039;\u00e9motions.\" \/>\n<meta property=\"og:url\" content=\"https:\/\/www.vollibre.fr\/en\/event-performances\/\" \/>\n<meta property=\"og:site_name\" content=\"Vol Libre\" \/>\n<meta property=\"article:publisher\" content=\"https:\/\/www.facebook.com\/AiglesDesRemparts.Provins\" \/>\n<meta property=\"article:modified_time\" content=\"2022-09-14T14:52:51+00:00\" \/>\n<meta property=\"og:image\" content=\"https:\/\/www.vollibre.fr\/wp-content\/uploads\/2018\/02\/video-des-prestations-1.jpg\" \/>\n\t<meta property=\"og:image:width\" content=\"415\" \/>\n\t<meta property=\"og:image:height\" content=\"276\" \/>\n\t<meta property=\"og:image:type\" content=\"image\/jpeg\" \/>\n<meta name=\"twitter:card\" content=\"summary_large_image\" \/>\n<meta name=\"twitter:site\" content=\"@Vol_Libre_Prod\" \/>\n<meta name=\"twitter:label1\" content=\"Est. reading time\" \/>\n\t<meta name=\"twitter:data1\" content=\"3 minutes\" \/>\n<script type=\"application\/ld+json\" class=\"yoast-schema-graph\">{\"@context\":\"https:\\\/\\\/schema.org\",\"@graph\":[{\"@type\":\"WebPage\",\"@id\":\"https:\\\/\\\/www.vollibre.fr\\\/en\\\/event-performances\\\/\",\"url\":\"https:\\\/\\\/www.vollibre.fr\\\/en\\\/event-performances\\\/\",\"name\":\"Special events and horse shows - Vol Libre\",\"isPartOf\":{\"@id\":\"https:\\\/\\\/www.vollibre.fr\\\/#website\"},\"primaryImageOfPage\":{\"@id\":\"https:\\\/\\\/www.vollibre.fr\\\/en\\\/event-performances\\\/#primaryimage\"},\"image\":{\"@id\":\"https:\\\/\\\/www.vollibre.fr\\\/en\\\/event-performances\\\/#primaryimage\"},\"thumbnailUrl\":\"http:\\\/\\\/www.vollibre.fr\\\/wp-content\\\/uploads\\\/2018\\\/02\\\/affiche-excalibur-300x157.jpg\",\"datePublished\":\"2018-02-20T10:35:07+00:00\",\"dateModified\":\"2022-09-14T14:52:51+00:00\",\"description\":\"Sc\u00e8nes \u00e9questres et grands spectacles Des prestations sur mesure pour des \u00e9v\u00e8nements de prestige ! Des spectacles \u00e9v\u00e8nements Appr\u00e9ci\u00e9e du grand public autant que des professionnels du spectacle, Vol Libre r\u00e9alise des prestations insolites, dynamiques, tr\u00e8s visuelles et charg\u00e9es d'\u00e9motions.\",\"breadcrumb\":{\"@id\":\"https:\\\/\\\/www.vollibre.fr\\\/en\\\/event-performances\\\/#breadcrumb\"},\"inLanguage\":\"en-US\",\"potentialAction\":[{\"@type\":\"ReadAction\",\"target\":[\"https:\\\/\\\/www.vollibre.fr\\\/en\\\/event-performances\\\/\"]}]},{\"@type\":\"ImageObject\",\"inLanguage\":\"en-US\",\"@id\":\"https:\\\/\\\/www.vollibre.fr\\\/en\\\/event-performances\\\/#primaryimage\",\"url\":\"http:\\\/\\\/www.vollibre.fr\\\/wp-content\\\/uploads\\\/2018\\\/02\\\/affiche-excalibur-300x157.jpg\",\"contentUrl\":\"http:\\\/\\\/www.vollibre.fr\\\/wp-content\\\/uploads\\\/2018\\\/02\\\/affiche-excalibur-300x157.jpg\"},{\"@type\":\"BreadcrumbList\",\"@id\":\"https:\\\/\\\/www.vollibre.fr\\\/en\\\/event-performances\\\/#breadcrumb\",\"itemListElement\":[{\"@type\":\"ListItem\",\"position\":1,\"name\":\"Accueil\",\"item\":\"https:\\\/\\\/www.vollibre.fr\\\/en\\\/\"},{\"@type\":\"ListItem\",\"position\":2,\"name\":\"Special events and horse shows\"}]},{\"@type\":\"WebSite\",\"@id\":\"https:\\\/\\\/www.vollibre.fr\\\/#website\",\"url\":\"https:\\\/\\\/www.vollibre.fr\\\/\",\"name\":\"Vol Libre\",\"description\":\"Fauconnerie \u00e9questre\",\"publisher\":{\"@id\":\"https:\\\/\\\/www.vollibre.fr\\\/#organization\"},\"potentialAction\":[{\"@type\":\"SearchAction\",\"target\":{\"@type\":\"EntryPoint\",\"urlTemplate\":\"https:\\\/\\\/www.vollibre.fr\\\/?s={search_term_string}\"},\"query-input\":{\"@type\":\"PropertyValueSpecification\",\"valueRequired\":true,\"valueName\":\"search_term_string\"}}],\"inLanguage\":\"en-US\"},{\"@type\":\"Organization\",\"@id\":\"https:\\\/\\\/www.vollibre.fr\\\/#organization\",\"name\":\"Vol Libre\",\"url\":\"https:\\\/\\\/www.vollibre.fr\\\/\",\"logo\":{\"@type\":\"ImageObject\",\"inLanguage\":\"en-US\",\"@id\":\"https:\\\/\\\/www.vollibre.fr\\\/#\\\/schema\\\/logo\\\/image\\\/\",\"url\":\"https:\\\/\\\/www.vollibre.fr\\\/wp-content\\\/uploads\\\/2018\\\/02\\\/Logo-Vol-Libre-P.png\",\"contentUrl\":\"https:\\\/\\\/www.vollibre.fr\\\/wp-content\\\/uploads\\\/2018\\\/02\\\/Logo-Vol-Libre-P.png\",\"width\":150,\"height\":197,\"caption\":\"Vol Libre\"},\"image\":{\"@id\":\"https:\\\/\\\/www.vollibre.fr\\\/#\\\/schema\\\/logo\\\/image\\\/\"},\"sameAs\":[\"https:\\\/\\\/www.facebook.com\\\/AiglesDesRemparts.Provins\",\"https:\\\/\\\/x.com\\\/Vol_Libre_Prod\",\"https:\\\/\\\/www.instagram.com\\\/lesaiglesdesremparts.provins\\\/\",\"https:\\\/\\\/www.youtube.com\\\/@Vol-Libre-fauconnerie-equestre\"]}]}<\/script>\n<!-- \/ Yoast SEO plugin. -->","yoast_head_json":{"title":"Special events and horse shows - Vol Libre","description":"Sc\u00e8nes \u00e9questres et grands spectacles Des prestations sur mesure pour des \u00e9v\u00e8nements de prestige ! Des spectacles \u00e9v\u00e8nements Appr\u00e9ci\u00e9e du grand public autant que des professionnels du spectacle, Vol Libre r\u00e9alise des prestations insolites, dynamiques, tr\u00e8s visuelles et charg\u00e9es d'\u00e9motions.","robots":{"index":"index","follow":"follow","max-snippet":"max-snippet:-1","max-image-preview":"max-image-preview:large","max-video-preview":"max-video-preview:-1"},"canonical":"https:\/\/www.vollibre.fr\/en\/event-performances\/","og_locale":"en_US","og_type":"article","og_title":"Special events and horse shows - Vol Libre","og_description":"Sc\u00e8nes \u00e9questres et grands spectacles Des prestations sur mesure pour des \u00e9v\u00e8nements de prestige ! Des spectacles \u00e9v\u00e8nements Appr\u00e9ci\u00e9e du grand public autant que des professionnels du spectacle, Vol Libre r\u00e9alise des prestations insolites, dynamiques, tr\u00e8s visuelles et charg\u00e9es d'\u00e9motions.","og_url":"https:\/\/www.vollibre.fr\/en\/event-performances\/","og_site_name":"Vol Libre","article_publisher":"https:\/\/www.facebook.com\/AiglesDesRemparts.Provins","article_modified_time":"2022-09-14T14:52:51+00:00","og_image":[{"width":415,"height":276,"url":"https:\/\/www.vollibre.fr\/wp-content\/uploads\/2018\/02\/video-des-prestations-1.jpg","type":"image\/jpeg"}],"twitter_card":"summary_large_image","twitter_site":"@Vol_Libre_Prod","twitter_misc":{"Est. reading time":"3 minutes"},"schema":{"@context":"https:\/\/schema.org","@graph":[{"@type":"WebPage","@id":"https:\/\/www.vollibre.fr\/en\/event-performances\/","url":"https:\/\/www.vollibre.fr\/en\/event-performances\/","name":"Special events and horse shows - Vol Libre","isPartOf":{"@id":"https:\/\/www.vollibre.fr\/#website"},"primaryImageOfPage":{"@id":"https:\/\/www.vollibre.fr\/en\/event-performances\/#primaryimage"},"image":{"@id":"https:\/\/www.vollibre.fr\/en\/event-performances\/#primaryimage"},"thumbnailUrl":"http:\/\/www.vollibre.fr\/wp-content\/uploads\/2018\/02\/affiche-excalibur-300x157.jpg","datePublished":"2018-02-20T10:35:07+00:00","dateModified":"2022-09-14T14:52:51+00:00","description":"Sc\u00e8nes \u00e9questres et grands spectacles Des prestations sur mesure pour des \u00e9v\u00e8nements de prestige ! Des spectacles \u00e9v\u00e8nements Appr\u00e9ci\u00e9e du grand public autant que des professionnels du spectacle, Vol Libre r\u00e9alise des prestations insolites, dynamiques, tr\u00e8s visuelles et charg\u00e9es d'\u00e9motions.","breadcrumb":{"@id":"https:\/\/www.vollibre.fr\/en\/event-performances\/#breadcrumb"},"inLanguage":"en-US","potentialAction":[{"@type":"ReadAction","target":["https:\/\/www.vollibre.fr\/en\/event-performances\/"]}]},{"@type":"ImageObject","inLanguage":"en-US","@id":"https:\/\/www.vollibre.fr\/en\/event-performances\/#primaryimage","url":"http:\/\/www.vollibre.fr\/wp-content\/uploads\/2018\/02\/affiche-excalibur-300x157.jpg","contentUrl":"http:\/\/www.vollibre.fr\/wp-content\/uploads\/2018\/02\/affiche-excalibur-300x157.jpg"},{"@type":"BreadcrumbList","@id":"https:\/\/www.vollibre.fr\/en\/event-performances\/#breadcrumb","itemListElement":[{"@type":"ListItem","position":1,"name":"Accueil","item":"https:\/\/www.vollibre.fr\/en\/"},{"@type":"ListItem","position":2,"name":"Special events and horse shows"}]},{"@type":"WebSite","@id":"https:\/\/www.vollibre.fr\/#website","url":"https:\/\/www.vollibre.fr\/","name":"Vol Libre","description":"Fauconnerie \u00e9questre","publisher":{"@id":"https:\/\/www.vollibre.fr\/#organization"},"potentialAction":[{"@type":"SearchAction","target":{"@type":"EntryPoint","urlTemplate":"https:\/\/www.vollibre.fr\/?s={search_term_string}"},"query-input":{"@type":"PropertyValueSpecification","valueRequired":true,"valueName":"search_term_string"}}],"inLanguage":"en-US"},{"@type":"Organization","@id":"https:\/\/www.vollibre.fr\/#organization","name":"Vol Libre","url":"https:\/\/www.vollibre.fr\/","logo":{"@type":"ImageObject","inLanguage":"en-US","@id":"https:\/\/www.vollibre.fr\/#\/schema\/logo\/image\/","url":"https:\/\/www.vollibre.fr\/wp-content\/uploads\/2018\/02\/Logo-Vol-Libre-P.png","contentUrl":"https:\/\/www.vollibre.fr\/wp-content\/uploads\/2018\/02\/Logo-Vol-Libre-P.png","width":150,"height":197,"caption":"Vol Libre"},"image":{"@id":"https:\/\/www.vollibre.fr\/#\/schema\/logo\/image\/"},"sameAs":["https:\/\/www.facebook.com\/AiglesDesRemparts.Provins","https:\/\/x.com\/Vol_Libre_Prod","https:\/\/www.instagram.com\/lesaiglesdesremparts.provins\/","https:\/\/www.youtube.com\/@Vol-Libre-fauconnerie-equestre"]}]}},"_links":{"self":[{"href":"https:\/\/www.vollibre.fr\/en\/wp-json\/wp\/v2\/pages\/18818","targetHints":{"allow":["GET"]}}],"collection":[{"href":"https:\/\/www.vollibre.fr\/en\/wp-json\/wp\/v2\/pages"}],"about":[{"href":"https:\/\/www.vollibre.fr\/en\/wp-json\/wp\/v2\/types\/page"}],"author":[{"embeddable":true,"href":"https:\/\/www.vollibre.fr\/en\/wp-json\/wp\/v2\/users\/7"}],"replies":[{"embeddable":true,"href":"https:\/\/www.vollibre.fr\/en\/wp-json\/wp\/v2\/comments?post=18818"}],"version-history":[{"count":5,"href":"https:\/\/www.vollibre.fr\/en\/wp-json\/wp\/v2\/pages\/18818\/revisions"}],"predecessor-version":[{"id":18937,"href":"https:\/\/www.vollibre.fr\/en\/wp-json\/wp\/v2\/pages\/18818\/revisions\/18937"}],"wp:attachment":[{"href":"https:\/\/www.vollibre.fr\/en\/wp-json\/wp\/v2\/media?parent=18818"}],"curies":[{"name":"wp","href":"https:\/\/api.w.org\/{rel}","templated":true}]}}