{"id":18916,"date":"2018-02-20T11:58:37","date_gmt":"2018-02-20T10:58:37","guid":{"rendered":"https:\/\/www.vollibre.fr\/prestations-audiovisuelles\/"},"modified":"2022-09-14T16:51:32","modified_gmt":"2022-09-14T14:51:32","slug":"movies-documentaries-services","status":"publish","type":"page","link":"https:\/\/www.vollibre.fr\/en\/movies-documentaries-services\/","title":{"rendered":"Movies and documentaries"},"content":{"rendered":"<div class=\"wpb-content-wrapper\"><p>[vc_row css_animation=&#8221;&#8221; row_type=&#8221;row&#8221; use_row_as_full_screen_section=&#8221;no&#8221; type=&#8221;grid&#8221; angled_section=&#8221;no&#8221; text_align=&#8221;left&#8221; background_image_as_pattern=&#8221;without_pattern&#8221; z_index=&#8221;&#8221;][vc_column][vc_empty_space][vc_column_text]<\/p>\n<h1>Movies and documentaries services<\/h1>\n<p>[\/vc_column_text][vc_empty_space height=&#8221;45px&#8221;][\/vc_column][\/vc_row][vc_row css_animation=&#8221;&#8221; row_type=&#8221;row&#8221; use_row_as_full_screen_section=&#8221;no&#8221; type=&#8221;grid&#8221; angled_section=&#8221;no&#8221; text_align=&#8221;left&#8221; background_image_as_pattern=&#8221;without_pattern&#8221; z_index=&#8221;&#8221;][vc_column][vc_column_text]<\/p>\n<h3>Falconry on TV set or on the big screen !<\/h3>\n<p>[\/vc_column_text][vc_empty_space height=&#8221;30px&#8221;][\/vc_column][\/vc_row][vc_row css_animation=&#8221;element_from_top&#8221; row_type=&#8221;row&#8221; use_row_as_full_screen_section=&#8221;no&#8221; type=&#8221;grid&#8221; angled_section=&#8221;no&#8221; text_align=&#8221;left&#8221; background_image_as_pattern=&#8221;without_pattern&#8221; z_index=&#8221;&#8221;][vc_column width=&#8221;1\/2&#8243;][vc_column_text]<\/p>\n<h2>Cinema<\/h2>\n<p>[\/vc_column_text][vc_empty_space height=&#8221;20px&#8221;][vc_single_image image=&#8221;16667&#8243; img_size=&#8221;300&#215;400&#8243; alignment=&#8221;center&#8221; qode_css_animation=&#8221;element_from_left&#8221;][vc_empty_space height=&#8221;10px&#8221;][vc_column_text]<strong><img loading=\"lazy\" decoding=\"async\" class=\"wp-image-16669 alignleft\" src=\"http:\/\/www.vollibre.fr\/wp-content\/uploads\/2018\/03\/Aiguilles-rouges-DP-extrait-aigle-1-300x158.jpg\" alt=\"sc\u00e8ne du film les Aiguilles rouges\" width=\"268\" height=\"141\" srcset=\"https:\/\/www.vollibre.fr\/wp-content\/uploads\/2018\/03\/Aiguilles-rouges-DP-extrait-aigle-1-300x158.jpg 300w, https:\/\/www.vollibre.fr\/wp-content\/uploads\/2018\/03\/Aiguilles-rouges-DP-extrait-aigle-1.jpg 400w\" sizes=\"auto, (max-width: 268px) 100vw, 268px\" \/>\u00a0 <\/strong><\/p>\n<p><strong>Les Aiguilles rouges<\/strong>, de J.F Davy en 2006,<\/p>\n<p>Vol en libert\u00e9 de notre aigle royal dans les montagnes\u00a0!\u2026.[\/vc_column_text][\/vc_column][vc_column width=&#8221;1\/2&#8243;][vc_empty_space][vc_empty_space height=&#8221;20px&#8221;][vc_empty_space height=&#8221;20px&#8221;][vc_column_text]<\/p>\n<p style=\"text-align: right;\"><img loading=\"lazy\" decoding=\"async\" class=\"size-medium wp-image-16673 alignright\" src=\"http:\/\/www.vollibre.fr\/wp-content\/uploads\/2018\/03\/Asterix-et-Obelix-contre-c\u00e9sar-C.Zidi-1998-220x300.jpg\" alt=\"Affiche du film Ast\u00e9rix et Ob\u00e9lix contre C\u00e9sar\" width=\"220\" height=\"300\" srcset=\"https:\/\/www.vollibre.fr\/wp-content\/uploads\/2018\/03\/Asterix-et-Obelix-contre-c\u00e9sar-C.Zidi-1998-220x300.jpg 220w, https:\/\/www.vollibre.fr\/wp-content\/uploads\/2018\/03\/Asterix-et-Obelix-contre-c\u00e9sar-C.Zidi-1998.jpg 350w\" sizes=\"auto, (max-width: 220px) 100vw, 220px\" \/><\/p>\n<p>&nbsp;<\/p>\n<p>&nbsp;<\/p>\n<p style=\"text-align: right;\"><strong>Ast\u00e9rix et Ob\u00e9lix<\/strong>, de Claude Zidi en 1998,<\/p>\n<p style=\"text-align: right;\">Apparition de notre hibou grand-duc<\/p>\n<p>[\/vc_column_text][\/vc_column][\/vc_row][vc_row css_animation=&#8221;&#8221; row_type=&#8221;row&#8221; use_row_as_full_screen_section=&#8221;no&#8221; type=&#8221;full_width&#8221; angled_section=&#8221;no&#8221; text_align=&#8221;left&#8221; background_image_as_pattern=&#8221;without_pattern&#8221;][vc_column][vc_empty_space][\/vc_column][\/vc_row][vc_row css_animation=&#8221;element_from_top&#8221; row_type=&#8221;row&#8221; use_row_as_full_screen_section=&#8221;no&#8221; type=&#8221;grid&#8221; angled_section=&#8221;no&#8221; text_align=&#8221;left&#8221; background_image_as_pattern=&#8221;without_pattern&#8221; z_index=&#8221;&#8221;][vc_column width=&#8221;1\/2&#8243;][vc_column_text]<\/p>\n<h2>Documentaries<\/h2>\n<p>[\/vc_column_text][vc_empty_space height=&#8221;20px&#8221;][vc_column_text]<strong>Petits Princes\u00a0: les comp\u00e8res<\/strong><\/p>\n<p>Magnifique et fascinant documentaire animalier r\u00e9alis\u00e9 par Gilles de Maistre en 2011<\/p>\n<p>Multi-diffus\u00e9 sur France T\u00e9l\u00e9vision, France 2, France 5.[\/vc_column_text][vc_empty_space height=&#8221;10px&#8221;][\/vc_column][vc_column width=&#8221;1\/2&#8243;][\/vc_column][vc_column][vc_empty_space][\/vc_column][\/vc_row][vc_row css_animation=&#8221;element_from_top&#8221; row_type=&#8221;row&#8221; use_row_as_full_screen_section=&#8221;no&#8221; type=&#8221;grid&#8221; angled_section=&#8221;no&#8221; text_align=&#8221;left&#8221; background_image_as_pattern=&#8221;without_pattern&#8221; z_index=&#8221;&#8221;][vc_column width=&#8221;1\/2&#8243;][vc_single_image image=&#8221;16688&#8243; img_size=&#8221;large&#8221; alignment=&#8221;center&#8221; qode_css_animation=&#8221;&#8221;][vc_empty_space height=&#8221;10px&#8221;][vc_column_text]<\/p>\n<p style=\"text-align: center;\">Tournage pour H\u00e9l\u00e8ne et les animaux (France 5) d\u2019H\u00e9l\u00e8ne Gateau<\/p>\n<p>[\/vc_column_text][vc_empty_space height=&#8221;20px&#8221;][\/vc_column][vc_column width=&#8221;1\/2&#8243;][vc_column_text]<\/p>\n<h2>\u00a0TV report and documentaries<\/h2>\n<p>[\/vc_column_text][vc_empty_space height=&#8221;20px&#8221;][vc_column_text]Many shootings took place for television, on the site of the show or on the sets\u2026<\/p>\n<p>To see the main reports, visit our videos page\u00a0<a href=\"http:\/\/www.vollibre.fr\/\/reportages-tv-documentaires\/\"> HERE<\/a>[\/vc_column_text][vc_empty_space height=&#8221;20px&#8221;][\/vc_column][\/vc_row][vc_row css_animation=&#8221;&#8221; row_type=&#8221;row&#8221; use_row_as_full_screen_section=&#8221;no&#8221; type=&#8221;grid&#8221; angled_section=&#8221;no&#8221; text_align=&#8221;left&#8221; background_image_as_pattern=&#8221;without_pattern&#8221; z_index=&#8221;&#8221;][vc_column width=&#8221;1\/2&#8243;][vc_single_image image=&#8221;17718&#8243; img_size=&#8221;medium&#8221; alignment=&#8221;center&#8221; qode_css_animation=&#8221;&#8221;][vc_empty_space height=&#8221;10px&#8221;][vc_column_text]Sur le plateau de Direct 8 aux c\u00f4t\u00e9 d\u2019Audrey Pulvar et Sandrine Arcizet[\/vc_column_text][\/vc_column][vc_column width=&#8221;1\/2&#8243;][vc_single_image image=&#8221;16694&#8243; img_size=&#8221;large&#8221; qode_css_animation=&#8221;&#8221;][vc_empty_space height=&#8221;10px&#8221;][vc_column_text]Tournage pour Les carnets de Julie (France 3) au c\u00f4t\u00e9 de Julie Andrieu[\/vc_column_text][\/vc_column][\/vc_row][vc_row css_animation=&#8221;&#8221; row_type=&#8221;row&#8221; use_row_as_full_screen_section=&#8221;no&#8221; type=&#8221;full_width&#8221; angled_section=&#8221;no&#8221; text_align=&#8221;left&#8221; background_image_as_pattern=&#8221;without_pattern&#8221;][vc_column][vc_empty_space][\/vc_column][\/vc_row][vc_row css_animation=&#8221;element_from_top&#8221; row_type=&#8221;row&#8221; use_row_as_full_screen_section=&#8221;no&#8221; type=&#8221;grid&#8221; angled_section=&#8221;no&#8221; text_align=&#8221;left&#8221; background_image_as_pattern=&#8221;without_pattern&#8221; z_index=&#8221;&#8221;][vc_column width=&#8221;1\/2&#8243;][vc_column_text]<\/p>\n<h2 style=\"text-align: left;\">Advertising<\/h2>\n<p>[\/vc_column_text][vc_empty_space height=&#8221;20px&#8221;][vc_column_text]<\/p>\n<p style=\"text-align: left;\"><strong>GUCCI \u2013 Parfum Flora \u2013 2016<\/strong><\/p>\n<p style=\"text-align: left;\">with one of our barn owl<\/p>\n<p style=\"text-align: left;\"><strong>\u00a0<\/strong><\/p>\n<p style=\"text-align: left;\"><strong>GUERLAIN \u2013 Habit Rouge l\u2019eau \u2013 2012<\/strong><\/p>\n<p style=\"text-align: left;\">with one of our horses<\/p>\n<p>[\/vc_column_text][\/vc_column][vc_column width=&#8221;1\/2&#8243;][vc_empty_space][vc_raw_html]JTNDaWZyYW1lJTIwd2lkdGglM0QlMjI1NjAlMjIlMjBoZWlnaHQlM0QlMjIzMTUlMjIlMjBzcmMlM0QlMjJodHRwcyUzQSUyRiUyRnd3dy55b3V0dWJlLW5vY29va2llLmNvbSUyRmVtYmVkJTJGRThTcDJjUDRMMWslM0ZyZWwlM0QwJTI2YW1wJTNCc2hvd2luZm8lM0QwJTIyJTIwZnJhbWVib3JkZXIlM0QlMjIwJTIyJTIwYWxsb3clM0QlMjJhdXRvcGxheSUzQiUyMGVuY3J5cHRlZC1tZWRpYSUyMiUyMGFsbG93ZnVsbHNjcmVlbiUzRSUzQyUyRmlmcmFtZSUzRQ==[\/vc_raw_html][vc_empty_space height=&#8221;20px&#8221;][\/vc_column][vc_column][vc_empty_space][\/vc_column][\/vc_row][vc_row css_animation=&#8221;element_from_top&#8221; row_type=&#8221;row&#8221; use_row_as_full_screen_section=&#8221;no&#8221; type=&#8221;grid&#8221; angled_section=&#8221;no&#8221; text_align=&#8221;left&#8221; background_image_as_pattern=&#8221;without_pattern&#8221; z_index=&#8221;&#8221;][vc_column width=&#8221;1\/2&#8243;][vc_column_text]<\/p>\n<h2>Musical video-clips<\/h2>\n<p>[\/vc_column_text][vc_empty_space height=&#8221;20px&#8221;][vc_column_text]<strong>L\u2019Amour est un soleil<\/strong>, H\u00e9l\u00e8ne SEGARA, 2007, with our white gyr falcon<br \/>\n<strong>The Mass<\/strong>, ERA, 2003, with one of our Bald Eagle[\/vc_column_text][\/vc_column][vc_column][vc_empty_space][\/vc_column][\/vc_row][vc_row css_animation=&#8221;&#8221; row_type=&#8221;row&#8221; use_row_as_full_screen_section=&#8221;no&#8221; type=&#8221;grid&#8221; angled_section=&#8221;no&#8221; text_align=&#8221;left&#8221; background_image_as_pattern=&#8221;without_pattern&#8221; z_index=&#8221;&#8221;][vc_column css_animation=&#8221;rotateInUpRight&#8221; width=&#8221;1\/6&#8243;]\n\n\t<a href=\"https:\/\/www.vollibre.fr\/en\/event-performances\/\" target=\"_self\" style=\"color: #ffffff;background-color: #f7901e;font-size: 14px;font-weight: 700;text-transform: uppercase;font-style: normal\" class=\"qode-btn qode-btn-medium qode-btn-solid qode-btn-custom-hover-bg qode-btn-custom-hover-color qode-btn-default-hover\" data-hover-bg-color=\"#4da3b5\" data-hover-color=\"#000000\" >\n\t    <span class=\"qode-btn-text\">Special events and horse shows<\/span>\t<\/a>\n\n[vc_empty_space][\/vc_column][vc_column css_animation=&#8221;rotateInUpRight&#8221; width=&#8221;1\/6&#8243;]\n\n\t<a href=\"https:\/\/www.vollibre.fr\/en\/entertainment-falconry-show\/\" target=\"_self\" style=\"color: #ffffff;background-color: #f7901e;font-size: 14px;font-weight: 700;text-transform: uppercase;font-style: normal\" class=\"qode-btn qode-btn-medium qode-btn-solid qode-btn-custom-hover-bg qode-btn-custom-hover-color qode-btn-default-hover\" data-hover-bg-color=\"#4da3b5\" data-hover-color=\"#000000\" >\n\t    <span class=\"qode-btn-text\">Entertainment shows<\/span>\t<\/a>\n\n[vc_empty_space][\/vc_column][vc_column css_animation=&#8221;rotateInUpRight&#8221; width=&#8221;1\/6&#8243;]\n\n\t<a href=\"#\" target=\"_self\" style=\"color: #ffffff;background-color: #bfbfbf;font-size: 14px;font-weight: 700;text-transform: uppercase;font-style: normal\" class=\"qode-btn qode-btn-medium qode-btn-solid qode-btn-custom-hover-bg qode-btn-custom-hover-color qode-btn-default-hover\" data-hover-bg-color=\"#bfbfbf\" data-hover-color=\"#ffffff\" >\n\t    <span class=\"qode-btn-text\">Cinema and documentaries<\/span>\t<\/a>\n\n[vc_empty_space][\/vc_column][vc_column css_animation=&#8221;rotateInUpRight&#8221; width=&#8221;1\/6&#8243;]\n\n\t<a href=\"https:\/\/www.vollibre.fr\/en\/fashion-photo\/\" target=\"_self\" style=\"color: #ffffff;background-color: #f7901e;font-size: 14px;font-weight: 700;text-transform: uppercase;font-style: normal\" class=\"qode-btn qode-btn-medium qode-btn-solid qode-btn-custom-hover-bg qode-btn-custom-hover-color qode-btn-default-hover\" data-hover-bg-color=\"#4da3b5\" data-hover-color=\"#000000\" >\n\t    <span class=\"qode-btn-text\">Fashion - Photos<\/span>\t<\/a>\n\n[vc_empty_space][\/vc_column][\/vc_row][vc_row css_animation=&#8221;&#8221; row_type=&#8221;row&#8221; use_row_as_full_screen_section=&#8221;no&#8221; type=&#8221;full_width&#8221; angled_section=&#8221;no&#8221; text_align=&#8221;left&#8221; background_image_as_pattern=&#8221;without_pattern&#8221;][vc_column][vc_empty_space][\/vc_column][\/vc_row]<\/p>\n<\/div>","protected":false},"excerpt":{"rendered":"<p>[vc_row css_animation=&#8221;&#8221; row_type=&#8221;row&#8221; use_row_as_full_screen_section=&#8221;no&#8221; type=&#8221;grid&#8221; angled_section=&#8221;no&#8221; text_align=&#8221;left&#8221; background_image_as_pattern=&#8221;without_pattern&#8221; z_index=&#8221;&#8221;][vc_column][vc_empty_space][vc_column_text] Movies and documentaries services [\/vc_column_text][vc_empty_space height=&#8221;45px&#8221;][\/vc_column][\/vc_row][vc_row css_animation=&#8221;&#8221; row_type=&#8221;row&#8221; use_row_as_full_screen_section=&#8221;no&#8221; type=&#8221;grid&#8221; angled_section=&#8221;no&#8221; text_align=&#8221;left&#8221; background_image_as_pattern=&#8221;without_pattern&#8221; z_index=&#8221;&#8221;][vc_column][vc_column_text] Falconry on TV set or on the big screen ! [\/vc_column_text][vc_empty_space height=&#8221;30px&#8221;][\/vc_column][\/vc_row][vc_row css_animation=&#8221;element_from_top&#8221; row_type=&#8221;row&#8221; use_row_as_full_screen_section=&#8221;no&#8221; type=&#8221;grid&#8221; angled_section=&#8221;no&#8221; text_align=&#8221;left&#8221; background_image_as_pattern=&#8221;without_pattern&#8221; z_index=&#8221;&#8221;][vc_column width=&#8221;1\/2&#8243;][vc_column_text] Cinema&#8230;<\/p>\n","protected":false},"author":7,"featured_media":0,"parent":0,"menu_order":0,"comment_status":"closed","ping_status":"closed","template":"full_width.php","meta":{"footnotes":""},"class_list":["post-18916","page","type-page","status-publish","hentry"],"yoast_head":"<!-- This site is optimized with the Yoast SEO plugin v27.4 - https:\/\/yoast.com\/product\/yoast-seo-wordpress\/ -->\n<title>La Fauconnerie au service du grand et du petit \u00e9cran - Vol Libre<\/title>\n<meta name=\"description\" content=\"Apparitions au cin\u00e9ma et dans des documentaires. La Fauconnerie au service du grand et du petit \u00e9cran... Au cin\u00e9ma dans Les Aiguilles rouges, Ast\u00e9rix et Ob\u00e9lix. Ainsi que dans des documentaires et reportages TV.\" \/>\n<meta name=\"robots\" content=\"index, follow, max-snippet:-1, max-image-preview:large, max-video-preview:-1\" \/>\n<link rel=\"canonical\" href=\"https:\/\/www.vollibre.fr\/en\/movies-documentaries-services\/\" \/>\n<meta property=\"og:locale\" content=\"en_US\" \/>\n<meta property=\"og:type\" content=\"article\" \/>\n<meta property=\"og:title\" content=\"La Fauconnerie au service du grand et du petit \u00e9cran - Vol Libre\" \/>\n<meta property=\"og:description\" content=\"Apparitions au cin\u00e9ma et dans des documentaires. La Fauconnerie au service du grand et du petit \u00e9cran... Au cin\u00e9ma dans Les Aiguilles rouges, Ast\u00e9rix et Ob\u00e9lix. Ainsi que dans des documentaires et reportages TV.\" \/>\n<meta property=\"og:url\" content=\"https:\/\/www.vollibre.fr\/en\/movies-documentaries-services\/\" \/>\n<meta property=\"og:site_name\" content=\"Vol Libre\" \/>\n<meta property=\"article:publisher\" content=\"https:\/\/www.facebook.com\/AiglesDesRemparts.Provins\" \/>\n<meta property=\"article:modified_time\" content=\"2022-09-14T14:51:32+00:00\" \/>\n<meta property=\"og:image\" content=\"https:\/\/www.vollibre.fr\/wp-content\/uploads\/2018\/02\/Video-TV-fauconnerie-equestre-vol-libre.jpg\" \/>\n\t<meta property=\"og:image:width\" content=\"415\" \/>\n\t<meta property=\"og:image:height\" content=\"276\" \/>\n\t<meta property=\"og:image:type\" content=\"image\/jpeg\" \/>\n<meta name=\"twitter:card\" content=\"summary_large_image\" \/>\n<meta name=\"twitter:site\" content=\"@Vol_Libre_Prod\" \/>\n<meta name=\"twitter:label1\" content=\"Est. reading time\" \/>\n\t<meta name=\"twitter:data1\" content=\"3 minutes\" \/>\n<script type=\"application\/ld+json\" class=\"yoast-schema-graph\">{\"@context\":\"https:\\\/\\\/schema.org\",\"@graph\":[{\"@type\":\"WebPage\",\"@id\":\"https:\\\/\\\/www.vollibre.fr\\\/en\\\/movies-documentaries-services\\\/\",\"url\":\"https:\\\/\\\/www.vollibre.fr\\\/en\\\/movies-documentaries-services\\\/\",\"name\":\"La Fauconnerie au service du grand et du petit \u00e9cran - Vol Libre\",\"isPartOf\":{\"@id\":\"https:\\\/\\\/www.vollibre.fr\\\/#website\"},\"primaryImageOfPage\":{\"@id\":\"https:\\\/\\\/www.vollibre.fr\\\/en\\\/movies-documentaries-services\\\/#primaryimage\"},\"image\":{\"@id\":\"https:\\\/\\\/www.vollibre.fr\\\/en\\\/movies-documentaries-services\\\/#primaryimage\"},\"thumbnailUrl\":\"http:\\\/\\\/www.vollibre.fr\\\/wp-content\\\/uploads\\\/2018\\\/03\\\/Aiguilles-rouges-DP-extrait-aigle-1-300x158.jpg\",\"datePublished\":\"2018-02-20T10:58:37+00:00\",\"dateModified\":\"2022-09-14T14:51:32+00:00\",\"description\":\"Apparitions au cin\u00e9ma et dans des documentaires. La Fauconnerie au service du grand et du petit \u00e9cran... Au cin\u00e9ma dans Les Aiguilles rouges, Ast\u00e9rix et Ob\u00e9lix. Ainsi que dans des documentaires et reportages TV.\",\"breadcrumb\":{\"@id\":\"https:\\\/\\\/www.vollibre.fr\\\/en\\\/movies-documentaries-services\\\/#breadcrumb\"},\"inLanguage\":\"en-US\",\"potentialAction\":[{\"@type\":\"ReadAction\",\"target\":[\"https:\\\/\\\/www.vollibre.fr\\\/en\\\/movies-documentaries-services\\\/\"]}]},{\"@type\":\"ImageObject\",\"inLanguage\":\"en-US\",\"@id\":\"https:\\\/\\\/www.vollibre.fr\\\/en\\\/movies-documentaries-services\\\/#primaryimage\",\"url\":\"http:\\\/\\\/www.vollibre.fr\\\/wp-content\\\/uploads\\\/2018\\\/03\\\/Aiguilles-rouges-DP-extrait-aigle-1-300x158.jpg\",\"contentUrl\":\"http:\\\/\\\/www.vollibre.fr\\\/wp-content\\\/uploads\\\/2018\\\/03\\\/Aiguilles-rouges-DP-extrait-aigle-1-300x158.jpg\"},{\"@type\":\"BreadcrumbList\",\"@id\":\"https:\\\/\\\/www.vollibre.fr\\\/en\\\/movies-documentaries-services\\\/#breadcrumb\",\"itemListElement\":[{\"@type\":\"ListItem\",\"position\":1,\"name\":\"Accueil\",\"item\":\"https:\\\/\\\/www.vollibre.fr\\\/en\\\/\"},{\"@type\":\"ListItem\",\"position\":2,\"name\":\"Movies and documentaries\"}]},{\"@type\":\"WebSite\",\"@id\":\"https:\\\/\\\/www.vollibre.fr\\\/#website\",\"url\":\"https:\\\/\\\/www.vollibre.fr\\\/\",\"name\":\"Vol Libre\",\"description\":\"Fauconnerie \u00e9questre\",\"publisher\":{\"@id\":\"https:\\\/\\\/www.vollibre.fr\\\/#organization\"},\"potentialAction\":[{\"@type\":\"SearchAction\",\"target\":{\"@type\":\"EntryPoint\",\"urlTemplate\":\"https:\\\/\\\/www.vollibre.fr\\\/?s={search_term_string}\"},\"query-input\":{\"@type\":\"PropertyValueSpecification\",\"valueRequired\":true,\"valueName\":\"search_term_string\"}}],\"inLanguage\":\"en-US\"},{\"@type\":\"Organization\",\"@id\":\"https:\\\/\\\/www.vollibre.fr\\\/#organization\",\"name\":\"Vol Libre\",\"url\":\"https:\\\/\\\/www.vollibre.fr\\\/\",\"logo\":{\"@type\":\"ImageObject\",\"inLanguage\":\"en-US\",\"@id\":\"https:\\\/\\\/www.vollibre.fr\\\/#\\\/schema\\\/logo\\\/image\\\/\",\"url\":\"https:\\\/\\\/www.vollibre.fr\\\/wp-content\\\/uploads\\\/2018\\\/02\\\/Logo-Vol-Libre-P.png\",\"contentUrl\":\"https:\\\/\\\/www.vollibre.fr\\\/wp-content\\\/uploads\\\/2018\\\/02\\\/Logo-Vol-Libre-P.png\",\"width\":150,\"height\":197,\"caption\":\"Vol Libre\"},\"image\":{\"@id\":\"https:\\\/\\\/www.vollibre.fr\\\/#\\\/schema\\\/logo\\\/image\\\/\"},\"sameAs\":[\"https:\\\/\\\/www.facebook.com\\\/AiglesDesRemparts.Provins\",\"https:\\\/\\\/x.com\\\/Vol_Libre_Prod\",\"https:\\\/\\\/www.instagram.com\\\/lesaiglesdesremparts.provins\\\/\",\"https:\\\/\\\/www.youtube.com\\\/@Vol-Libre-fauconnerie-equestre\"]}]}<\/script>\n<!-- \/ Yoast SEO plugin. -->","yoast_head_json":{"title":"La Fauconnerie au service du grand et du petit \u00e9cran - Vol Libre","description":"Apparitions au cin\u00e9ma et dans des documentaires. La Fauconnerie au service du grand et du petit \u00e9cran... Au cin\u00e9ma dans Les Aiguilles rouges, Ast\u00e9rix et Ob\u00e9lix. Ainsi que dans des documentaires et reportages TV.","robots":{"index":"index","follow":"follow","max-snippet":"max-snippet:-1","max-image-preview":"max-image-preview:large","max-video-preview":"max-video-preview:-1"},"canonical":"https:\/\/www.vollibre.fr\/en\/movies-documentaries-services\/","og_locale":"en_US","og_type":"article","og_title":"La Fauconnerie au service du grand et du petit \u00e9cran - Vol Libre","og_description":"Apparitions au cin\u00e9ma et dans des documentaires. La Fauconnerie au service du grand et du petit \u00e9cran... Au cin\u00e9ma dans Les Aiguilles rouges, Ast\u00e9rix et Ob\u00e9lix. Ainsi que dans des documentaires et reportages TV.","og_url":"https:\/\/www.vollibre.fr\/en\/movies-documentaries-services\/","og_site_name":"Vol Libre","article_publisher":"https:\/\/www.facebook.com\/AiglesDesRemparts.Provins","article_modified_time":"2022-09-14T14:51:32+00:00","og_image":[{"width":415,"height":276,"url":"https:\/\/www.vollibre.fr\/wp-content\/uploads\/2018\/02\/Video-TV-fauconnerie-equestre-vol-libre.jpg","type":"image\/jpeg"}],"twitter_card":"summary_large_image","twitter_site":"@Vol_Libre_Prod","twitter_misc":{"Est. reading time":"3 minutes"},"schema":{"@context":"https:\/\/schema.org","@graph":[{"@type":"WebPage","@id":"https:\/\/www.vollibre.fr\/en\/movies-documentaries-services\/","url":"https:\/\/www.vollibre.fr\/en\/movies-documentaries-services\/","name":"La Fauconnerie au service du grand et du petit \u00e9cran - Vol Libre","isPartOf":{"@id":"https:\/\/www.vollibre.fr\/#website"},"primaryImageOfPage":{"@id":"https:\/\/www.vollibre.fr\/en\/movies-documentaries-services\/#primaryimage"},"image":{"@id":"https:\/\/www.vollibre.fr\/en\/movies-documentaries-services\/#primaryimage"},"thumbnailUrl":"http:\/\/www.vollibre.fr\/wp-content\/uploads\/2018\/03\/Aiguilles-rouges-DP-extrait-aigle-1-300x158.jpg","datePublished":"2018-02-20T10:58:37+00:00","dateModified":"2022-09-14T14:51:32+00:00","description":"Apparitions au cin\u00e9ma et dans des documentaires. La Fauconnerie au service du grand et du petit \u00e9cran... Au cin\u00e9ma dans Les Aiguilles rouges, Ast\u00e9rix et Ob\u00e9lix. Ainsi que dans des documentaires et reportages TV.","breadcrumb":{"@id":"https:\/\/www.vollibre.fr\/en\/movies-documentaries-services\/#breadcrumb"},"inLanguage":"en-US","potentialAction":[{"@type":"ReadAction","target":["https:\/\/www.vollibre.fr\/en\/movies-documentaries-services\/"]}]},{"@type":"ImageObject","inLanguage":"en-US","@id":"https:\/\/www.vollibre.fr\/en\/movies-documentaries-services\/#primaryimage","url":"http:\/\/www.vollibre.fr\/wp-content\/uploads\/2018\/03\/Aiguilles-rouges-DP-extrait-aigle-1-300x158.jpg","contentUrl":"http:\/\/www.vollibre.fr\/wp-content\/uploads\/2018\/03\/Aiguilles-rouges-DP-extrait-aigle-1-300x158.jpg"},{"@type":"BreadcrumbList","@id":"https:\/\/www.vollibre.fr\/en\/movies-documentaries-services\/#breadcrumb","itemListElement":[{"@type":"ListItem","position":1,"name":"Accueil","item":"https:\/\/www.vollibre.fr\/en\/"},{"@type":"ListItem","position":2,"name":"Movies and documentaries"}]},{"@type":"WebSite","@id":"https:\/\/www.vollibre.fr\/#website","url":"https:\/\/www.vollibre.fr\/","name":"Vol Libre","description":"Fauconnerie \u00e9questre","publisher":{"@id":"https:\/\/www.vollibre.fr\/#organization"},"potentialAction":[{"@type":"SearchAction","target":{"@type":"EntryPoint","urlTemplate":"https:\/\/www.vollibre.fr\/?s={search_term_string}"},"query-input":{"@type":"PropertyValueSpecification","valueRequired":true,"valueName":"search_term_string"}}],"inLanguage":"en-US"},{"@type":"Organization","@id":"https:\/\/www.vollibre.fr\/#organization","name":"Vol Libre","url":"https:\/\/www.vollibre.fr\/","logo":{"@type":"ImageObject","inLanguage":"en-US","@id":"https:\/\/www.vollibre.fr\/#\/schema\/logo\/image\/","url":"https:\/\/www.vollibre.fr\/wp-content\/uploads\/2018\/02\/Logo-Vol-Libre-P.png","contentUrl":"https:\/\/www.vollibre.fr\/wp-content\/uploads\/2018\/02\/Logo-Vol-Libre-P.png","width":150,"height":197,"caption":"Vol Libre"},"image":{"@id":"https:\/\/www.vollibre.fr\/#\/schema\/logo\/image\/"},"sameAs":["https:\/\/www.facebook.com\/AiglesDesRemparts.Provins","https:\/\/x.com\/Vol_Libre_Prod","https:\/\/www.instagram.com\/lesaiglesdesremparts.provins\/","https:\/\/www.youtube.com\/@Vol-Libre-fauconnerie-equestre"]}]}},"_links":{"self":[{"href":"https:\/\/www.vollibre.fr\/en\/wp-json\/wp\/v2\/pages\/18916","targetHints":{"allow":["GET"]}}],"collection":[{"href":"https:\/\/www.vollibre.fr\/en\/wp-json\/wp\/v2\/pages"}],"about":[{"href":"https:\/\/www.vollibre.fr\/en\/wp-json\/wp\/v2\/types\/page"}],"author":[{"embeddable":true,"href":"https:\/\/www.vollibre.fr\/en\/wp-json\/wp\/v2\/users\/7"}],"replies":[{"embeddable":true,"href":"https:\/\/www.vollibre.fr\/en\/wp-json\/wp\/v2\/comments?post=18916"}],"version-history":[{"count":5,"href":"https:\/\/www.vollibre.fr\/en\/wp-json\/wp\/v2\/pages\/18916\/revisions"}],"predecessor-version":[{"id":18935,"href":"https:\/\/www.vollibre.fr\/en\/wp-json\/wp\/v2\/pages\/18916\/revisions\/18935"}],"wp:attachment":[{"href":"https:\/\/www.vollibre.fr\/en\/wp-json\/wp\/v2\/media?parent=18916"}],"curies":[{"name":"wp","href":"https:\/\/api.w.org\/{rel}","templated":true}]}}